{"id":635,"date":"2025-07-09T13:06:16","date_gmt":"2025-07-09T12:06:16","guid":{"rendered":"https:\/\/sophieheinrich.com\/teaching-and-mentoring\/"},"modified":"2026-02-25T14:46:01","modified_gmt":"2026-02-25T13:46:01","slug":"teaching-and-mentoring","status":"publish","type":"page","link":"https:\/\/sophieheinrich.com\/en\/teaching-and-mentoring\/","title":{"rendered":"Mentorin"},"content":{"rendered":"\r\n\r\n\t<p>Die P\u00e4dagogin Sophie Heinrich<\/p>\r\n<strong>Sophie Heinrich ist Dozentin f\u00fcr Violine und Kammermusik an der \u201e<a href=\"https:\/\/stella-musikhochschule.ac.at\/person\/heinrich-sophie\" target=\"_blank\" rel=\"noopener\">Stella Voralberg<\/a> <a href=\"https:\/\/stella-musikhochschule.ac.at\/person\/heinrich-sophie\" target=\"_blank\" rel=\"noopener\">Privathochschule<\/a> <a href=\"https:\/\/stella-musikhochschule.ac.at\/person\/heinrich-sophie\" target=\"_blank\" rel=\"noopener\">f\u00fcr Musik<\/a>&#8221; in Feldkirch und engagiert sich mit Freude international auf Meister-, Kammermusik- und Orchesterkursen.<br \/>\r\n<\/strong>Unter Lehre und Mentoring versteht Sophie Heinrich nicht zuletzt, insbesondere junge Frauen zu mehr Courage und Selbstbewusstsein, auch in F\u00fchrungsangelegenheiten zu ermutigen. Zum Beispiel im Rahmen der Academy von \u201e<strong><a href=\"https:\/\/www.leadfoundationfinland.com\/\" target=\"_blank\" rel=\"noopener\">Lead! &#8211; Developing<\/a> <a href=\"https:\/\/www.leadfoundationfinland.com\/\" target=\"_blank\" rel=\"noopener\">the Next Generation of<\/a> <a href=\"https:\/\/www.leadfoundationfinland.com\/\" target=\"_blank\" rel=\"noopener\">Leaders in Classical Music<\/a><\/strong>&#8221; in Finnland, wo sie seit 2022 als von <a href=\"https:\/\/www.jukkapekkasaraste.com\/\"><strong>Jukka-Pekka Saraste<\/strong><\/a> regelm\u00e4\u00dfig geladene internationale Mentorin fungiert.\r\n<p>2024 \u00fcbernahm Sophie Heinrich den Lead f\u00fcr die Streicher bei der \u201e<a href=\"https:\/\/www.grafenegg.com\/de\/academy\" target=\"_blank\" rel=\"noopener\"><strong>Grafenegg Academy<\/strong><\/a>&#8221; in \u00d6sterreich.<\/p>\r\n<p>Bevorstehende Lehrauftritte und Kursangebote mit Sophie Heinrich finden Sie im <a href=\"https:\/\/sophieheinrich.com\/en\/calendar\/\">Kalender<\/a>.<\/p>\r\n\t\u00a0Ich hatte das Vergn\u00fcgen, bei vielen Gelegenheiten mit Sophie Heinrich zu arbeiten. Als Konzertmeisterin der Wiener Symphoniker und Violin-Mentorin und Konzertmeisterin des LEAD! Festivalorchesters hat sie nicht nur hervorragende musikalische F\u00e4higkeiten bewiesen, sondern auch die F\u00e4higkeit, sehr positive Ergebnisse aus jungen Musikern herauszuholen. Ihre frische Herangehensweise an Lehre und Mentoring, ihr Verst\u00e4ndnis daf\u00fcr, wie die Pers\u00f6nlichkeit und das Selbstvertrauen junger MusikerInnen entwickelt werden k\u00f6nnen, sind sehr wertvoll.\r\nJukka-Pekka Saraste\r\n\r\n","protected":false},"excerpt":{"rendered":"<p>Die P\u00e4dagogin Sophie Heinrich Sophie Heinrich ist Dozentin f\u00fcr Violine und Kammermusik an der \u201eStella Voralberg Privathochschule f\u00fcr Musik&#8221; in Feldkirch und engagiert sich mit Freude international auf Meister-, Kammermusik- und Orchesterkursen. Unter Lehre und Mentoring versteht Sophie Heinrich nicht zuletzt, insbesondere junge Frauen zu mehr Courage und Selbstbewusstsein, auch in F\u00fchrungsangelegenheiten zu ermutigen. Zum&hellip;<\/p>\n","protected":false},"author":2,"featured_media":903,"parent":0,"menu_order":0,"comment_status":"closed","ping_status":"closed","template":"page_a_foto_rechts_text_links.php","meta":{"_acf_changed":false,"inline_featured_image":false,"footnotes":""},"class_list":["post-635","page","type-page","status-publish","has-post-thumbnail","hentry"],"acf":[],"yoast_head":"<!-- This site is optimized with the Yoast SEO plugin v25.4 - https:\/\/yoast.com\/wordpress\/plugins\/seo\/ -->\n<title>Mentorin - Sophie Heinrich<\/title>\n<meta name=\"description\" content=\"Sophie Heinrich, violin soloist, concertmaster, violinist, violinist, teacher, mentor, violin, violin, teaching and mentoring\" \/>\n<meta name=\"robots\" content=\"index, follow, max-snippet:-1, max-image-preview:large, max-video-preview:-1\" \/>\n<link rel=\"canonical\" href=\"https:\/\/sophieheinrich.com\/en\/teaching-and-mentoring\/\" \/>\n<meta property=\"og:locale\" content=\"en_US\" \/>\n<meta property=\"og:type\" content=\"article\" \/>\n<meta property=\"og:title\" content=\"Sophie Heinrich | Teaching and mentoring\" \/>\n<meta property=\"og:description\" content=\"Sophie Heinrich | Teaching and mentoring\" \/>\n<meta property=\"og:url\" content=\"https:\/\/sophieheinrich.com\/en\/teaching-and-mentoring\/\" \/>\n<meta property=\"og:site_name\" content=\"Sophie Heinrich\" \/>\n<meta property=\"article:modified_time\" content=\"2026-02-25T13:46:01+00:00\" \/>\n<meta property=\"og:image\" content=\"https:\/\/sophieheinrich.com\/wp-content\/uploads\/2025\/06\/Sophie_Heinrich_S2_8843_h_sRGB_weboptimiert.jpg\" \/>\n<meta name=\"twitter:card\" content=\"summary_large_image\" \/>\n<meta name=\"twitter:label1\" content=\"Est. reading time\" \/>\n\t<meta name=\"twitter:data1\" content=\"1 minute\" \/>\n<script type=\"application\/ld+json\" class=\"yoast-schema-graph\">{\"@context\":\"https:\/\/schema.org\",\"@graph\":[{\"@type\":\"WebPage\",\"@id\":\"https:\/\/sophieheinrich.com\/en\/teaching-and-mentoring\/\",\"url\":\"https:\/\/sophieheinrich.com\/en\/teaching-and-mentoring\/\",\"name\":\"Mentorin - Sophie Heinrich\",\"isPartOf\":{\"@id\":\"https:\/\/sophieheinrich.com\/en\/#website\"},\"primaryImageOfPage\":{\"@id\":\"https:\/\/sophieheinrich.com\/en\/teaching-and-mentoring\/#primaryimage\"},\"image\":{\"@id\":\"https:\/\/sophieheinrich.com\/en\/teaching-and-mentoring\/#primaryimage\"},\"thumbnailUrl\":\"https:\/\/sophieheinrich.com\/wp-content\/uploads\/2025\/10\/Sophie_Heinrich_S2_8843_h_zentriert_sRGB_weboptimiert.jpg\",\"datePublished\":\"2025-07-09T12:06:16+00:00\",\"dateModified\":\"2026-02-25T13:46:01+00:00\",\"description\":\"Sophie Heinrich, violin soloist, concertmaster, violinist, violinist, teacher, mentor, violin, violin, teaching and mentoring\",\"breadcrumb\":{\"@id\":\"https:\/\/sophieheinrich.com\/en\/teaching-and-mentoring\/#breadcrumb\"},\"inLanguage\":\"en-US\",\"potentialAction\":[{\"@type\":\"ReadAction\",\"target\":[\"https:\/\/sophieheinrich.com\/en\/teaching-and-mentoring\/\"]}]},{\"@type\":\"ImageObject\",\"inLanguage\":\"en-US\",\"@id\":\"https:\/\/sophieheinrich.com\/en\/teaching-and-mentoring\/#primaryimage\",\"url\":\"https:\/\/sophieheinrich.com\/wp-content\/uploads\/2025\/10\/Sophie_Heinrich_S2_8843_h_zentriert_sRGB_weboptimiert.jpg\",\"contentUrl\":\"https:\/\/sophieheinrich.com\/wp-content\/uploads\/2025\/10\/Sophie_Heinrich_S2_8843_h_zentriert_sRGB_weboptimiert.jpg\",\"width\":1550,\"height\":2052,\"caption\":\"Sophie Heinrich, Violinsolistin und Konzertmeisterin, Portrait mit Violine 07, (C) Markus Morianz\"},{\"@type\":\"BreadcrumbList\",\"@id\":\"https:\/\/sophieheinrich.com\/en\/teaching-and-mentoring\/#breadcrumb\",\"itemListElement\":[{\"@type\":\"ListItem\",\"position\":1,\"name\":\"Startseite\",\"item\":\"https:\/\/sophieheinrich.com\/en\/sophie-heinrich\/\"},{\"@type\":\"ListItem\",\"position\":2,\"name\":\"Mentorin\"}]},{\"@type\":\"WebSite\",\"@id\":\"https:\/\/sophieheinrich.com\/en\/#website\",\"url\":\"https:\/\/sophieheinrich.com\/en\/\",\"name\":\"Sophie Heinrich\",\"description\":\"\",\"potentialAction\":[{\"@type\":\"SearchAction\",\"target\":{\"@type\":\"EntryPoint\",\"urlTemplate\":\"https:\/\/sophieheinrich.com\/en\/?s={search_term_string}\"},\"query-input\":{\"@type\":\"PropertyValueSpecification\",\"valueRequired\":true,\"valueName\":\"search_term_string\"}}],\"inLanguage\":\"en-US\"}]}<\/script>\n<!-- \/ Yoast SEO plugin. -->","yoast_head_json":{"title":"Mentorin - Sophie Heinrich","description":"Sophie Heinrich, violin soloist, concertmaster, violinist, violinist, teacher, mentor, violin, violin, teaching and mentoring","robots":{"index":"index","follow":"follow","max-snippet":"max-snippet:-1","max-image-preview":"max-image-preview:large","max-video-preview":"max-video-preview:-1"},"canonical":"https:\/\/sophieheinrich.com\/en\/teaching-and-mentoring\/","og_locale":"en_US","og_type":"article","og_title":"Sophie Heinrich | Teaching and mentoring","og_description":"Sophie Heinrich | Teaching and mentoring","og_url":"https:\/\/sophieheinrich.com\/en\/teaching-and-mentoring\/","og_site_name":"Sophie Heinrich","article_modified_time":"2026-02-25T13:46:01+00:00","og_image":[{"url":"https:\/\/sophieheinrich.com\/wp-content\/uploads\/2025\/06\/Sophie_Heinrich_S2_8843_h_sRGB_weboptimiert.jpg","type":"","width":"","height":""}],"twitter_card":"summary_large_image","twitter_misc":{"Est. reading time":"1 minute"},"schema":{"@context":"https:\/\/schema.org","@graph":[{"@type":"WebPage","@id":"https:\/\/sophieheinrich.com\/en\/teaching-and-mentoring\/","url":"https:\/\/sophieheinrich.com\/en\/teaching-and-mentoring\/","name":"Mentorin - Sophie Heinrich","isPartOf":{"@id":"https:\/\/sophieheinrich.com\/en\/#website"},"primaryImageOfPage":{"@id":"https:\/\/sophieheinrich.com\/en\/teaching-and-mentoring\/#primaryimage"},"image":{"@id":"https:\/\/sophieheinrich.com\/en\/teaching-and-mentoring\/#primaryimage"},"thumbnailUrl":"https:\/\/sophieheinrich.com\/wp-content\/uploads\/2025\/10\/Sophie_Heinrich_S2_8843_h_zentriert_sRGB_weboptimiert.jpg","datePublished":"2025-07-09T12:06:16+00:00","dateModified":"2026-02-25T13:46:01+00:00","description":"Sophie Heinrich, violin soloist, concertmaster, violinist, violinist, teacher, mentor, violin, violin, teaching and mentoring","breadcrumb":{"@id":"https:\/\/sophieheinrich.com\/en\/teaching-and-mentoring\/#breadcrumb"},"inLanguage":"en-US","potentialAction":[{"@type":"ReadAction","target":["https:\/\/sophieheinrich.com\/en\/teaching-and-mentoring\/"]}]},{"@type":"ImageObject","inLanguage":"en-US","@id":"https:\/\/sophieheinrich.com\/en\/teaching-and-mentoring\/#primaryimage","url":"https:\/\/sophieheinrich.com\/wp-content\/uploads\/2025\/10\/Sophie_Heinrich_S2_8843_h_zentriert_sRGB_weboptimiert.jpg","contentUrl":"https:\/\/sophieheinrich.com\/wp-content\/uploads\/2025\/10\/Sophie_Heinrich_S2_8843_h_zentriert_sRGB_weboptimiert.jpg","width":1550,"height":2052,"caption":"Sophie Heinrich, Violinsolistin und Konzertmeisterin, Portrait mit Violine 07, (C) Markus Morianz"},{"@type":"BreadcrumbList","@id":"https:\/\/sophieheinrich.com\/en\/teaching-and-mentoring\/#breadcrumb","itemListElement":[{"@type":"ListItem","position":1,"name":"Startseite","item":"https:\/\/sophieheinrich.com\/en\/sophie-heinrich\/"},{"@type":"ListItem","position":2,"name":"Mentorin"}]},{"@type":"WebSite","@id":"https:\/\/sophieheinrich.com\/en\/#website","url":"https:\/\/sophieheinrich.com\/en\/","name":"Sophie Heinrich","description":"","potentialAction":[{"@type":"SearchAction","target":{"@type":"EntryPoint","urlTemplate":"https:\/\/sophieheinrich.com\/en\/?s={search_term_string}"},"query-input":{"@type":"PropertyValueSpecification","valueRequired":true,"valueName":"search_term_string"}}],"inLanguage":"en-US"}]}},"_links":{"self":[{"href":"https:\/\/sophieheinrich.com\/en\/wp-json\/wp\/v2\/pages\/635","targetHints":{"allow":["GET"]}}],"collection":[{"href":"https:\/\/sophieheinrich.com\/en\/wp-json\/wp\/v2\/pages"}],"about":[{"href":"https:\/\/sophieheinrich.com\/en\/wp-json\/wp\/v2\/types\/page"}],"author":[{"embeddable":true,"href":"https:\/\/sophieheinrich.com\/en\/wp-json\/wp\/v2\/users\/2"}],"replies":[{"embeddable":true,"href":"https:\/\/sophieheinrich.com\/en\/wp-json\/wp\/v2\/comments?post=635"}],"version-history":[{"count":4,"href":"https:\/\/sophieheinrich.com\/en\/wp-json\/wp\/v2\/pages\/635\/revisions"}],"predecessor-version":[{"id":1124,"href":"https:\/\/sophieheinrich.com\/en\/wp-json\/wp\/v2\/pages\/635\/revisions\/1124"}],"wp:featuredmedia":[{"embeddable":true,"href":"https:\/\/sophieheinrich.com\/en\/wp-json\/wp\/v2\/media\/903"}],"wp:attachment":[{"href":"https:\/\/sophieheinrich.com\/en\/wp-json\/wp\/v2\/media?parent=635"}],"curies":[{"name":"wp","href":"https:\/\/api.w.org\/{rel}","templated":true}]}}