{"id":568,"date":"2023-07-12T16:13:09","date_gmt":"2023-07-12T15:13:09","guid":{"rendered":"https:\/\/sophieheinrich.com\/imprint\/"},"modified":"2025-10-13T18:33:42","modified_gmt":"2025-10-13T17:33:42","slug":"imprint","status":"publish","type":"page","link":"https:\/\/sophieheinrich.com\/en\/imprint\/","title":{"rendered":"Imprint"},"content":{"rendered":"\r\n<h3>F\u00fcr den Inhalt von <a href=\"https:\/\/sophieheinrich.com\/en\/\">sophieheinrich.com<\/a> verantwortlich:<\/h3>\r\n<p>Sophie Heinrich<br \/>Am Tabor 21\/3\/78<br \/>1020 Wien<\/p>\r\n<h3>Projektmanagement &amp; Co-Redaktion<\/h3>\r\n<p><a href=\"https:\/\/diejungs.at\" target=\"_blank\" rel=\"noopener\">die jungs kommunikation<\/a><\/p>\r\n<h3>Grafische Gestaltung \/ Konzept \/ Webdesign<\/h3>\r\n<p><a href=\"https:\/\/www.fernbedienen.com\/\" target=\"_blank\" rel=\"noopener\">fernbedienen . graphic design bureau<\/a><\/p>\r\n<h3>Umsetzung \/ Programmierung<\/h3>\r\n<p><a href=\"http:\/\/www.danubeweb.at\/\" target=\"_blank\" rel=\"noopener\">DanubeWeb OG<\/a><\/p>\r\n<p>&nbsp;<\/p>\r\n<h3>Rechtliche Hinweise, Haftungsbeschr\u00e4nkung<\/h3>\r\n<p>Die Inhalte dieser Website werden mit gr\u00f6\u00dftm\u00f6glicher Sorgfalt erstellt.<\/p>\r\n<p>Der Anbieter \u00fcbernimmt jedoch keine Gew\u00e4hr f\u00fcr die Richtigkeit, Vollst\u00e4ndigkeit und Aktualit\u00e4t der bereitgestellten Inhalte. Die Nutzung der Inhalte der Website erfolgt auf eigene Gefahr des Nutzers.<\/p>\r\n<p>Namentlich gekennzeichnete Beitr\u00e4ge geben die Meinung des jeweiligen Autors und nicht immer die Meinung des Anbieters wieder. Mit der reinen Nutzung der Website des Anbieters kommt keinerlei Vertragsverh\u00e4ltnis zwischen dem Nutzer und dem Anbieter zustande.<\/p>\r\n<h3>Externe Links<\/h3>\r\n<p>Diese Website enth\u00e4lt Verkn\u00fcpfungen zu Websites Dritter (&#8220;externe Links&#8221;). Diese Websites unterliegen der Haftung der jeweiligen Betreiber. Der Anbieter hat bei der erstmaligen Verkn\u00fcpfung der externen Links die fremden Inhalte daraufhin \u00fcberpr\u00fcft, ob etwaige Rechtsverst\u00f6\u00dfe bestehen. Zu dem Zeitpunkt waren keine Rechtsverst\u00f6\u00dfe ersichtlich. Der Anbieter hat keinerlei Einfluss auf die aktuelle und zuk\u00fcnftige Gestaltung und auf die Inhalte der verkn\u00fcpften Seiten. Das Setzen von externen Links bedeutet nicht, dass sich der Anbieter die hinter dem Verweis oder Link liegenden Inhalte zu Eigen macht. Eine st\u00e4ndige Kontrolle dieser externen Links ist f\u00fcr den Anbieter ohne konkrete Hinweise auf Rechtsverst\u00f6\u00dfe nicht zumutbar. Bei Kenntnis von Rechtsverst\u00f6\u00dfen werden jedoch derartige externe Links unverz\u00fcglich gel\u00f6scht.<\/p>\r\n<h3>Urheber- und Leistungsschutzrechte<\/h3>\r\n<p>Die auf dieser Website ver\u00f6ffentlichten Inhalte unterliegen dem deutschen Urheber- und Leistungsschutzrecht. Jede vom deutschen Urheber- und Leistungsschutzrecht nicht zugelassene Verwertung bedarf der vorherigen schriftlichen Zustimmung des Anbieters oder jeweiligen Rechteinhabers. Dies gilt insbesondere f\u00fcr Vervielf\u00e4ltigung, Bearbeitung, \u00dcbersetzung, Einspeicherung, Verarbeitung bzw. Wiedergabe von Inhalten in Datenbanken oder anderen elektronischen Medien und Systemen. Inhalte und Rechte Dritter sind dabei als solche gekennzeichnet. Die unerlaubte Vervielf\u00e4ltigung oder Weitergabe einzelner Inhalte oder kompletter Seiten ist nicht gestattet und strafbar. Lediglich die Herstellung von Kopien und Downloads f\u00fcr den pers\u00f6nlichen, privaten und nicht kommerziellen Gebrauch ist erlaubt.<\/p>\r\n<p><a href=\"https:\/\/sophieheinrich.com\/datenschutzerklaerung\/\">Informationen zum Datenschutz &#8230;<\/a><\/p>\r\n","protected":false},"excerpt":{"rendered":"<p>F\u00fcr den Inhalt von sophieheinrich.com verantwortlich: Sophie HeinrichAm Tabor 21\/3\/781020 Wien Projektmanagement &amp; Co-Redaktion die jungs kommunikation Grafische Gestaltung \/ Konzept \/ Webdesign fernbedienen . graphic design bureau Umsetzung \/ Programmierung DanubeWeb OG &nbsp; Rechtliche Hinweise, Haftungsbeschr\u00e4nkung Die Inhalte dieser Website werden mit gr\u00f6\u00dftm\u00f6glicher Sorgfalt erstellt. Der Anbieter \u00fcbernimmt jedoch keine Gew\u00e4hr f\u00fcr die Richtigkeit,&hellip;<\/p>\n","protected":false},"author":1,"featured_media":908,"parent":0,"menu_order":0,"comment_status":"closed","ping_status":"closed","template":"page_a_text_rechts_foto_links.php","meta":{"_acf_changed":false,"inline_featured_image":false,"footnotes":""},"class_list":["post-568","page","type-page","status-publish","has-post-thumbnail","hentry"],"acf":[],"yoast_head":"<!-- This site is optimized with the Yoast SEO plugin v25.4 - https:\/\/yoast.com\/wordpress\/plugins\/seo\/ -->\n<title>Imprint - Sophie Heinrich<\/title>\n<meta name=\"description\" content=\"Sophie Heinrich, violin soloist, concertmaster, imprint, violinist, violin, violinist, request, management\" \/>\n<meta name=\"robots\" content=\"index, follow, max-snippet:-1, max-image-preview:large, max-video-preview:-1\" \/>\n<link rel=\"canonical\" href=\"https:\/\/sophieheinrich.com\/en\/imprint\/\" \/>\n<meta property=\"og:locale\" content=\"en_US\" \/>\n<meta property=\"og:type\" content=\"article\" \/>\n<meta property=\"og:title\" content=\"Sophie Heinrich | Imprint\" \/>\n<meta property=\"og:description\" content=\"Sophie Heinrich | Imprint\" \/>\n<meta property=\"og:url\" content=\"https:\/\/sophieheinrich.com\/en\/imprint\/\" \/>\n<meta property=\"og:site_name\" content=\"Sophie Heinrich\" \/>\n<meta property=\"article:modified_time\" content=\"2025-10-13T17:33:42+00:00\" \/>\n<meta property=\"og:image\" content=\"https:\/\/sophieheinrich.com\/wp-content\/uploads\/2025\/06\/Sophie_Heinrich_S2_8396_h_sRGB_weboptimiert.jpg\" \/>\n<meta name=\"twitter:card\" content=\"summary_large_image\" \/>\n<meta name=\"twitter:label1\" content=\"Est. reading time\" \/>\n\t<meta name=\"twitter:data1\" content=\"2 minutes\" \/>\n<script type=\"application\/ld+json\" class=\"yoast-schema-graph\">{\"@context\":\"https:\/\/schema.org\",\"@graph\":[{\"@type\":\"WebPage\",\"@id\":\"https:\/\/sophieheinrich.com\/en\/imprint\/\",\"url\":\"https:\/\/sophieheinrich.com\/en\/imprint\/\",\"name\":\"Imprint - Sophie Heinrich\",\"isPartOf\":{\"@id\":\"https:\/\/sophieheinrich.com\/en\/#website\"},\"primaryImageOfPage\":{\"@id\":\"https:\/\/sophieheinrich.com\/en\/imprint\/#primaryimage\"},\"image\":{\"@id\":\"https:\/\/sophieheinrich.com\/en\/imprint\/#primaryimage\"},\"thumbnailUrl\":\"https:\/\/sophieheinrich.com\/wp-content\/uploads\/2025\/10\/Sophie_Heinrich_S2_8396_h_verlaengert_sRGB_weboptimiert.jpg\",\"datePublished\":\"2023-07-12T15:13:09+00:00\",\"dateModified\":\"2025-10-13T17:33:42+00:00\",\"description\":\"Sophie Heinrich, violin soloist, concertmaster, imprint, violinist, violin, violinist, request, management\",\"breadcrumb\":{\"@id\":\"https:\/\/sophieheinrich.com\/en\/imprint\/#breadcrumb\"},\"inLanguage\":\"en-US\",\"potentialAction\":[{\"@type\":\"ReadAction\",\"target\":[\"https:\/\/sophieheinrich.com\/en\/imprint\/\"]}]},{\"@type\":\"ImageObject\",\"inLanguage\":\"en-US\",\"@id\":\"https:\/\/sophieheinrich.com\/en\/imprint\/#primaryimage\",\"url\":\"https:\/\/sophieheinrich.com\/wp-content\/uploads\/2025\/10\/Sophie_Heinrich_S2_8396_h_verlaengert_sRGB_weboptimiert.jpg\",\"contentUrl\":\"https:\/\/sophieheinrich.com\/wp-content\/uploads\/2025\/10\/Sophie_Heinrich_S2_8396_h_verlaengert_sRGB_weboptimiert.jpg\",\"width\":1015,\"height\":1549,\"caption\":\"Sophie Heinrich, Violinsolistin und Konzertmeisterin, Portrait mit Violine 12, (C) Markus Morianz\"},{\"@type\":\"BreadcrumbList\",\"@id\":\"https:\/\/sophieheinrich.com\/en\/imprint\/#breadcrumb\",\"itemListElement\":[{\"@type\":\"ListItem\",\"position\":1,\"name\":\"Startseite\",\"item\":\"https:\/\/sophieheinrich.com\/en\/sophie-heinrich\/\"},{\"@type\":\"ListItem\",\"position\":2,\"name\":\"Imprint\"}]},{\"@type\":\"WebSite\",\"@id\":\"https:\/\/sophieheinrich.com\/en\/#website\",\"url\":\"https:\/\/sophieheinrich.com\/en\/\",\"name\":\"Sophie Heinrich\",\"description\":\"\",\"potentialAction\":[{\"@type\":\"SearchAction\",\"target\":{\"@type\":\"EntryPoint\",\"urlTemplate\":\"https:\/\/sophieheinrich.com\/en\/?s={search_term_string}\"},\"query-input\":{\"@type\":\"PropertyValueSpecification\",\"valueRequired\":true,\"valueName\":\"search_term_string\"}}],\"inLanguage\":\"en-US\"}]}<\/script>\n<!-- \/ Yoast SEO plugin. -->","yoast_head_json":{"title":"Imprint - Sophie Heinrich","description":"Sophie Heinrich, violin soloist, concertmaster, imprint, violinist, violin, violinist, request, management","robots":{"index":"index","follow":"follow","max-snippet":"max-snippet:-1","max-image-preview":"max-image-preview:large","max-video-preview":"max-video-preview:-1"},"canonical":"https:\/\/sophieheinrich.com\/en\/imprint\/","og_locale":"en_US","og_type":"article","og_title":"Sophie Heinrich | Imprint","og_description":"Sophie Heinrich | Imprint","og_url":"https:\/\/sophieheinrich.com\/en\/imprint\/","og_site_name":"Sophie Heinrich","article_modified_time":"2025-10-13T17:33:42+00:00","og_image":[{"url":"https:\/\/sophieheinrich.com\/wp-content\/uploads\/2025\/06\/Sophie_Heinrich_S2_8396_h_sRGB_weboptimiert.jpg","type":"","width":"","height":""}],"twitter_card":"summary_large_image","twitter_misc":{"Est. reading time":"2 minutes"},"schema":{"@context":"https:\/\/schema.org","@graph":[{"@type":"WebPage","@id":"https:\/\/sophieheinrich.com\/en\/imprint\/","url":"https:\/\/sophieheinrich.com\/en\/imprint\/","name":"Imprint - Sophie Heinrich","isPartOf":{"@id":"https:\/\/sophieheinrich.com\/en\/#website"},"primaryImageOfPage":{"@id":"https:\/\/sophieheinrich.com\/en\/imprint\/#primaryimage"},"image":{"@id":"https:\/\/sophieheinrich.com\/en\/imprint\/#primaryimage"},"thumbnailUrl":"https:\/\/sophieheinrich.com\/wp-content\/uploads\/2025\/10\/Sophie_Heinrich_S2_8396_h_verlaengert_sRGB_weboptimiert.jpg","datePublished":"2023-07-12T15:13:09+00:00","dateModified":"2025-10-13T17:33:42+00:00","description":"Sophie Heinrich, violin soloist, concertmaster, imprint, violinist, violin, violinist, request, management","breadcrumb":{"@id":"https:\/\/sophieheinrich.com\/en\/imprint\/#breadcrumb"},"inLanguage":"en-US","potentialAction":[{"@type":"ReadAction","target":["https:\/\/sophieheinrich.com\/en\/imprint\/"]}]},{"@type":"ImageObject","inLanguage":"en-US","@id":"https:\/\/sophieheinrich.com\/en\/imprint\/#primaryimage","url":"https:\/\/sophieheinrich.com\/wp-content\/uploads\/2025\/10\/Sophie_Heinrich_S2_8396_h_verlaengert_sRGB_weboptimiert.jpg","contentUrl":"https:\/\/sophieheinrich.com\/wp-content\/uploads\/2025\/10\/Sophie_Heinrich_S2_8396_h_verlaengert_sRGB_weboptimiert.jpg","width":1015,"height":1549,"caption":"Sophie Heinrich, Violinsolistin und Konzertmeisterin, Portrait mit Violine 12, (C) Markus Morianz"},{"@type":"BreadcrumbList","@id":"https:\/\/sophieheinrich.com\/en\/imprint\/#breadcrumb","itemListElement":[{"@type":"ListItem","position":1,"name":"Startseite","item":"https:\/\/sophieheinrich.com\/en\/sophie-heinrich\/"},{"@type":"ListItem","position":2,"name":"Imprint"}]},{"@type":"WebSite","@id":"https:\/\/sophieheinrich.com\/en\/#website","url":"https:\/\/sophieheinrich.com\/en\/","name":"Sophie Heinrich","description":"","potentialAction":[{"@type":"SearchAction","target":{"@type":"EntryPoint","urlTemplate":"https:\/\/sophieheinrich.com\/en\/?s={search_term_string}"},"query-input":{"@type":"PropertyValueSpecification","valueRequired":true,"valueName":"search_term_string"}}],"inLanguage":"en-US"}]}},"_links":{"self":[{"href":"https:\/\/sophieheinrich.com\/en\/wp-json\/wp\/v2\/pages\/568","targetHints":{"allow":["GET"]}}],"collection":[{"href":"https:\/\/sophieheinrich.com\/en\/wp-json\/wp\/v2\/pages"}],"about":[{"href":"https:\/\/sophieheinrich.com\/en\/wp-json\/wp\/v2\/types\/page"}],"author":[{"embeddable":true,"href":"https:\/\/sophieheinrich.com\/en\/wp-json\/wp\/v2\/users\/1"}],"replies":[{"embeddable":true,"href":"https:\/\/sophieheinrich.com\/en\/wp-json\/wp\/v2\/comments?post=568"}],"version-history":[{"count":2,"href":"https:\/\/sophieheinrich.com\/en\/wp-json\/wp\/v2\/pages\/568\/revisions"}],"predecessor-version":[{"id":900,"href":"https:\/\/sophieheinrich.com\/en\/wp-json\/wp\/v2\/pages\/568\/revisions\/900"}],"wp:featuredmedia":[{"embeddable":true,"href":"https:\/\/sophieheinrich.com\/en\/wp-json\/wp\/v2\/media\/908"}],"wp:attachment":[{"href":"https:\/\/sophieheinrich.com\/en\/wp-json\/wp\/v2\/media?parent=568"}],"curies":[{"name":"wp","href":"https:\/\/api.w.org\/{rel}","templated":true}]}}