{"id":509,"date":"2025-06-11T13:17:19","date_gmt":"2025-06-11T12:17:19","guid":{"rendered":"https:\/\/sophieheinrich.com\/sophie-heinrich\/"},"modified":"2025-11-20T13:52:04","modified_gmt":"2025-11-20T12:52:04","slug":"sophie-heinrich","status":"publish","type":"page","link":"https:\/\/sophieheinrich.com\/en\/","title":{"rendered":"Sophie Heinrich"},"content":{"rendered":"\n\n\t<p>A warm welcome &#8230;<\/p>\n<p><strong>&#8230; on the official website of violin soloist and concertmaster Sophie Heinrich!<\/strong><\/p>\n<p>Here you will find information about the artistic work of the violinist, who was born in Augsburg (Bavaria). For example, details about Sophie Heinrich&#8217;s <a href=\"https:\/\/sophieheinrich.com\/en\/about-sophie-heinrich\/\">career<\/a>, her mentoring and teaching activities, current projects such as <a href=\"https:\/\/sophieheinrich.com\/en\/all-about-eve\/\">All About Eve<\/a>, <a href=\"https:\/\/sophieheinrich.com\/en\/in-almas-music-salon\/\">In Alma&#8217;s Musiksalon<\/a>, <a href=\"https:\/\/sophieheinrich.com\/en\/tango-5\/\">Tango5<\/a>, as well as collaborations and <a href=\"https:\/\/sophieheinrich.com\/en\/calendar\/\">concert dates<\/a>. Insights and audio impressions of Sophie Heinrich&#8217;s masterful violin playing await you under <a href=\"https:\/\/sophieheinrich.com\/en\/photos\/\">Photos<\/a> and <a href=\"https:\/\/sophieheinrich.com\/en\/sounds-videos\/\">Sounds &amp; Videos<\/a>. Journalists and event organizers will find a wealth of information and printable images under Press, and under <a href=\"https:\/\/sophieheinrich.com\/en\/press-reviews\/\">Press Reviews<\/a> you can read selected comments from music critics.<\/p>\n<h2>Sophie Heinrich&#8217;s offer includes:<\/h2>\n<ul>\n<li><strong>Solo performances<\/strong> with renowned orchestras<\/li>\n<li><strong>Conductor as concertmaster<\/strong> for international productions<\/li>\n<li><strong>Artistic projects and collaborations<\/strong> in various musical genres<\/li>\n<li><strong><a href=\"https:\/\/sophieheinrich.com\/en\/teaching-and-mentoring\/\">Teaching activity<\/a> <\/strong>at renowned educational institutions<\/li>\n<li><strong>Mentoring<\/strong> &#8211; with a special focus on strengthening young female violin soloists<\/li>\n<li><strong>Workshops and master classes<\/strong> for ambitious students<\/li>\n<\/ul>\n<h2>Sophie Heinrich &#8211; current dates<\/h2>\n<div class=\"dw-termine-wrapper dw-termine-wrapper-startseite\"><div class=\"dw-termine-grid-item\"><div class=\"dw-termine-datum\">09. April 2026, 20 Uhr<\/div><div class=\"dw-termine-title-teaser-wrap\"><h2 class=\"dw-termine-title\">Widmann and Mendelssohn Bartholdy with the NDR Radiophilharmonie<\/h2><\/div><\/div><div class=\"dw-termine-grid-item\"><div class=\"dw-termine-datum\">10. April 2026, 18 Uhr<\/div><div class=\"dw-termine-title-teaser-wrap\"><h2 class=\"dw-termine-title\">Widmann and Mendelssohn Bartholdy with the NDR Radiophilharmonie<\/h2><\/div><\/div><\/div>\n<p><a href=\"https:\/\/sophieheinrich.com\/en\/calendar\/\">to the calendar<\/a><\/p>\n\t&#8230; Sophie Heinrich&#8217;s natural way of making music, her fine sense of leadership and communication in the orchestra as well as her excellent playing technique made it possible to <a href=\"https:\/\/philippejordan.net\/de\/home-deutsch\/\" target=\"_blank\" rel=\"noopener\">make music<\/a> together at the highest level.\nPhilippe Jordan, 2014 &#8211; 2021 Chief Conductor of the Vienna Symphony Orchestra, 2021 &#8211; 2025 Music Director of the Vienna State Opera\n\tFrom the very first stroke, Sophie Heinrich showed what her violin playing is all about: <a href=\"https:\/\/www.augsburger-allgemeine.de\/augsburg\/kultur\/Friedberger-Advent-Jeder-Ton-mit-Liebe-gespielt-id56126051.html\" target=\"_blank\" rel=\"noopener\">dynamic tone painting<\/a> with a warm play of sound colors and precise ductus. But &#8211; and this is the art &#8211; always with the culture of the inventor in mind. If you want to learn more about Brahms&#8217; character, which is rather feared by some violinists, Heinrich&#8217;s interpretation shows how it is done to perfection.  \nOliver Wolff, Augsburger Allgemeine, 01. 12. 2019\n\n","protected":false},"excerpt":{"rendered":"<p>Guest concertmaster with the NDR Radiophilharmonie under J\u00f6rg Widmann Program Felix Mendelssohn Bartholdy Andante from the Clarinet Sonata in ES major (arranged for clarinet and orchestra by J\u00f6rg Widmann) J\u00f6rg Widmann Violin Concerto No. 2 J\u00f6rg Widmann Paraphrase on Mendelssohn&#8217;s &#8220;Wedding March for solo violin&#8221; Felix Mendelssohn Bartholdy Symphony No. 5 in D major op.&hellip;<\/p>\n","protected":false},"author":1,"featured_media":216,"parent":0,"menu_order":0,"comment_status":"closed","ping_status":"closed","template":"page_a_foto_rechts_text_links.php","meta":{"_acf_changed":false,"inline_featured_image":false,"footnotes":""},"class_list":["post-509","page","type-page","status-publish","has-post-thumbnail","hentry"],"acf":[],"yoast_head":"<!-- This site is optimized with the Yoast SEO plugin v25.4 - https:\/\/yoast.com\/wordpress\/plugins\/seo\/ -->\n<title>Sophie Heinrich - Sophie Heinrich<\/title>\n<meta name=\"description\" content=\"Sophie Heinrich, violin soloist, concertmaster, violinist, violinist, teacher, mentor, violin, violin\" \/>\n<meta name=\"robots\" content=\"index, follow, max-snippet:-1, max-image-preview:large, max-video-preview:-1\" \/>\n<link rel=\"canonical\" href=\"https:\/\/sophieheinrich.com\/en\/\" \/>\n<meta property=\"og:locale\" content=\"en_US\" \/>\n<meta property=\"og:type\" content=\"article\" \/>\n<meta property=\"og:title\" content=\"Sophie Heinrich | violin soloist and concertmaster\" \/>\n<meta property=\"og:description\" content=\"Sophie Heinrich | violin soloist and concertmaster\" \/>\n<meta property=\"og:url\" content=\"https:\/\/sophieheinrich.com\/en\/\" \/>\n<meta property=\"og:site_name\" content=\"Sophie Heinrich\" \/>\n<meta property=\"article:modified_time\" content=\"2025-11-20T12:52:04+00:00\" \/>\n<meta property=\"og:image\" content=\"https:\/\/sophieheinrich.com\/wp-content\/uploads\/2025\/06\/Sophie_Heinrich_7516_sRGB_weboptimiert-1.jpg\" \/>\n<meta name=\"twitter:card\" content=\"summary_large_image\" \/>\n<meta name=\"twitter:label1\" content=\"Est. reading time\" \/>\n\t<meta name=\"twitter:data1\" content=\"2 minutes\" \/>\n<script type=\"application\/ld+json\" class=\"yoast-schema-graph\">{\"@context\":\"https:\/\/schema.org\",\"@graph\":[{\"@type\":\"WebPage\",\"@id\":\"https:\/\/sophieheinrich.com\/en\/\",\"url\":\"https:\/\/sophieheinrich.com\/en\/\",\"name\":\"Sophie Heinrich - Sophie Heinrich\",\"isPartOf\":{\"@id\":\"https:\/\/sophieheinrich.com\/en\/#website\"},\"primaryImageOfPage\":{\"@id\":\"https:\/\/sophieheinrich.com\/en\/#primaryimage\"},\"image\":{\"@id\":\"https:\/\/sophieheinrich.com\/en\/#primaryimage\"},\"thumbnailUrl\":\"https:\/\/sophieheinrich.com\/wp-content\/uploads\/2025\/06\/Sophie_Heinrich_7516_sRGB_weboptimiert-1.jpg\",\"datePublished\":\"2025-06-11T12:17:19+00:00\",\"dateModified\":\"2025-11-20T12:52:04+00:00\",\"description\":\"Sophie Heinrich, violin soloist, concertmaster, violinist, violinist, teacher, mentor, violin, violin\",\"breadcrumb\":{\"@id\":\"https:\/\/sophieheinrich.com\/en\/#breadcrumb\"},\"inLanguage\":\"en-US\",\"potentialAction\":[{\"@type\":\"ReadAction\",\"target\":[\"https:\/\/sophieheinrich.com\/en\/\"]}]},{\"@type\":\"ImageObject\",\"inLanguage\":\"en-US\",\"@id\":\"https:\/\/sophieheinrich.com\/en\/#primaryimage\",\"url\":\"https:\/\/sophieheinrich.com\/wp-content\/uploads\/2025\/06\/Sophie_Heinrich_7516_sRGB_weboptimiert-1.jpg\",\"contentUrl\":\"https:\/\/sophieheinrich.com\/wp-content\/uploads\/2025\/06\/Sophie_Heinrich_7516_sRGB_weboptimiert-1.jpg\",\"width\":2300,\"height\":1533,\"caption\":\"Sophie Heinrich, Violinsolistin und Konzertmeisterin, Portrait 02, (C) Markus Morianz\"},{\"@type\":\"BreadcrumbList\",\"@id\":\"https:\/\/sophieheinrich.com\/en\/#breadcrumb\",\"itemListElement\":[{\"@type\":\"ListItem\",\"position\":1,\"name\":\"Startseite\",\"item\":\"https:\/\/sophieheinrich.com\/en\/sophie-heinrich\/\"},{\"@type\":\"ListItem\",\"position\":2,\"name\":\"Sophie Heinrich\"}]},{\"@type\":\"WebSite\",\"@id\":\"https:\/\/sophieheinrich.com\/en\/#website\",\"url\":\"https:\/\/sophieheinrich.com\/en\/\",\"name\":\"Sophie Heinrich\",\"description\":\"\",\"potentialAction\":[{\"@type\":\"SearchAction\",\"target\":{\"@type\":\"EntryPoint\",\"urlTemplate\":\"https:\/\/sophieheinrich.com\/en\/?s={search_term_string}\"},\"query-input\":{\"@type\":\"PropertyValueSpecification\",\"valueRequired\":true,\"valueName\":\"search_term_string\"}}],\"inLanguage\":\"en-US\"}]}<\/script>\n<!-- \/ Yoast SEO plugin. -->","yoast_head_json":{"title":"Sophie Heinrich - Sophie Heinrich","description":"Sophie Heinrich, violin soloist, concertmaster, violinist, violinist, teacher, mentor, violin, violin","robots":{"index":"index","follow":"follow","max-snippet":"max-snippet:-1","max-image-preview":"max-image-preview:large","max-video-preview":"max-video-preview:-1"},"canonical":"https:\/\/sophieheinrich.com\/en\/","og_locale":"en_US","og_type":"article","og_title":"Sophie Heinrich | violin soloist and concertmaster","og_description":"Sophie Heinrich | violin soloist and concertmaster","og_url":"https:\/\/sophieheinrich.com\/en\/","og_site_name":"Sophie Heinrich","article_modified_time":"2025-11-20T12:52:04+00:00","og_image":[{"url":"https:\/\/sophieheinrich.com\/wp-content\/uploads\/2025\/06\/Sophie_Heinrich_7516_sRGB_weboptimiert-1.jpg","type":"","width":"","height":""}],"twitter_card":"summary_large_image","twitter_misc":{"Est. reading time":"2 minutes"},"schema":{"@context":"https:\/\/schema.org","@graph":[{"@type":"WebPage","@id":"https:\/\/sophieheinrich.com\/en\/","url":"https:\/\/sophieheinrich.com\/en\/","name":"Sophie Heinrich - Sophie Heinrich","isPartOf":{"@id":"https:\/\/sophieheinrich.com\/en\/#website"},"primaryImageOfPage":{"@id":"https:\/\/sophieheinrich.com\/en\/#primaryimage"},"image":{"@id":"https:\/\/sophieheinrich.com\/en\/#primaryimage"},"thumbnailUrl":"https:\/\/sophieheinrich.com\/wp-content\/uploads\/2025\/06\/Sophie_Heinrich_7516_sRGB_weboptimiert-1.jpg","datePublished":"2025-06-11T12:17:19+00:00","dateModified":"2025-11-20T12:52:04+00:00","description":"Sophie Heinrich, violin soloist, concertmaster, violinist, violinist, teacher, mentor, violin, violin","breadcrumb":{"@id":"https:\/\/sophieheinrich.com\/en\/#breadcrumb"},"inLanguage":"en-US","potentialAction":[{"@type":"ReadAction","target":["https:\/\/sophieheinrich.com\/en\/"]}]},{"@type":"ImageObject","inLanguage":"en-US","@id":"https:\/\/sophieheinrich.com\/en\/#primaryimage","url":"https:\/\/sophieheinrich.com\/wp-content\/uploads\/2025\/06\/Sophie_Heinrich_7516_sRGB_weboptimiert-1.jpg","contentUrl":"https:\/\/sophieheinrich.com\/wp-content\/uploads\/2025\/06\/Sophie_Heinrich_7516_sRGB_weboptimiert-1.jpg","width":2300,"height":1533,"caption":"Sophie Heinrich, Violinsolistin und Konzertmeisterin, Portrait 02, (C) Markus Morianz"},{"@type":"BreadcrumbList","@id":"https:\/\/sophieheinrich.com\/en\/#breadcrumb","itemListElement":[{"@type":"ListItem","position":1,"name":"Startseite","item":"https:\/\/sophieheinrich.com\/en\/sophie-heinrich\/"},{"@type":"ListItem","position":2,"name":"Sophie Heinrich"}]},{"@type":"WebSite","@id":"https:\/\/sophieheinrich.com\/en\/#website","url":"https:\/\/sophieheinrich.com\/en\/","name":"Sophie Heinrich","description":"","potentialAction":[{"@type":"SearchAction","target":{"@type":"EntryPoint","urlTemplate":"https:\/\/sophieheinrich.com\/en\/?s={search_term_string}"},"query-input":{"@type":"PropertyValueSpecification","valueRequired":true,"valueName":"search_term_string"}}],"inLanguage":"en-US"}]}},"_links":{"self":[{"href":"https:\/\/sophieheinrich.com\/en\/wp-json\/wp\/v2\/pages\/509","targetHints":{"allow":["GET"]}}],"collection":[{"href":"https:\/\/sophieheinrich.com\/en\/wp-json\/wp\/v2\/pages"}],"about":[{"href":"https:\/\/sophieheinrich.com\/en\/wp-json\/wp\/v2\/types\/page"}],"author":[{"embeddable":true,"href":"https:\/\/sophieheinrich.com\/en\/wp-json\/wp\/v2\/users\/1"}],"replies":[{"embeddable":true,"href":"https:\/\/sophieheinrich.com\/en\/wp-json\/wp\/v2\/comments?post=509"}],"version-history":[{"count":16,"href":"https:\/\/sophieheinrich.com\/en\/wp-json\/wp\/v2\/pages\/509\/revisions"}],"predecessor-version":[{"id":882,"href":"https:\/\/sophieheinrich.com\/en\/wp-json\/wp\/v2\/pages\/509\/revisions\/882"}],"wp:featuredmedia":[{"embeddable":true,"href":"https:\/\/sophieheinrich.com\/en\/wp-json\/wp\/v2\/media\/216"}],"wp:attachment":[{"href":"https:\/\/sophieheinrich.com\/en\/wp-json\/wp\/v2\/media?parent=509"}],"curies":[{"name":"wp","href":"https:\/\/api.w.org\/{rel}","templated":true}]}}