{"id":480,"date":"2025-06-24T15:53:30","date_gmt":"2025-06-24T14:53:30","guid":{"rendered":"https:\/\/sophieheinrich.com\/critics\/"},"modified":"2026-02-26T11:50:00","modified_gmt":"2026-02-26T10:50:00","slug":"press-reviews","status":"publish","type":"page","link":"https:\/\/sophieheinrich.com\/en\/press-reviews\/","title":{"rendered":"Press Reviews"},"content":{"rendered":"\r\n<h3>Ausgew\u00e4hlte Kritiken &#8230;<\/h3>\r\n<p>Ob als Solistin oder Konzertmeisterin &#8211; Sophie Heinrichs Violinspiel vermag Publikum und Kritiker*innen zu begeistern.<\/p>\r\n<p>Unten einige Pressestimmen zu unterschiedlichen Konzertereignissen. Falls Sie selbst Ohren- und Augenzeugin von Sophie Heinrichs Geigenspiel werden m\u00f6chten, werfen Sie bitte einen Blick in den <a href=\"https:\/\/sophieheinrich.com\/en\/calendar\/\" target=\"_blank\" rel=\"noopener\">Kalender<\/a>.<\/p>\r\n<p>Am Konzertmeisterpult \u00fcberzeugte Sophie Heinrich mit bewegenden Solo-Passagen. Da wurde mit Herz musiziert. Susanne Zobl, KURIER, 08.06.2021, \u00fcber ein Konzert der Wiener Symphoniker unter Adam Fischer \u2026 einen imponierenden Strauss&#8217;schen &#8216;Zarathustra&#8217;. Das liegt an den vorz\u00fcglichen solistischen Leistungen, allen voran von Konzertmeisterin Sophie Heinrich, \u2026 Andreas Pernpeintner, SZ, 22.03.2017, \u00fcber ein Konzert des Bayerischen Staatsorchesters unter Cornelius Meister \u2026 H\u00f6hepunkt war die symphonische Suite von &#8216;Prinzessin Mononoke&#8217; mit Katharina Melnikova und Geigerin Sophie Heinrich. orf.at, 31.03.2023, \u00fcber ein Konzert der Wiener Symphoniker unter Joe Hisaishi Shani trat in diesem besonderen (Covid-)Konzert als Dirigent, aber auch als souver\u00e4ner Pianist an: Gemeinsam mit Sophie Heinrich, der Ersten Konzertmeisterin der Wiener Symphoniker, sowie dem Ersten Solocellisten Christoph Stradner interpretierte Shani das Klaviertrio Nr. 1 \u201eTrio \u00c9l\u00e9giaque&#8221; von Sergej Rachmaninoff. Musikalischer Enthusiasmus und Noblesse, fulminanter Ausdrucksreichtum und technische Perfektion, Verinnerlichung und Poesie &#8211; das Klaviertrio bot dem begeisterten Publikum ein spannendes Musikerlebnis. FK, Kronen Zeitung, 11.07.2020, \u00fcber ein Konzert der Wiener Symphoniker unter Lahav Shani Nicht nur f\u00e4hrt der Komponist bei seiner nur begrenzt augenzwinkernden Selbststilisierung zum musikalischen Genius alles auf, was der Orchesterapparat zu bieten hat. Vor allem bieten die ausgedehnten Soloviolinpassagen der neuen 1. Konzertmeisterin Sophie Heinrich auch eine breite B\u00fchne zu gl\u00e4nzen &#8211; welche die Deutsche charmant nutzt. APA \/ N\u00d6N, 11.10.2020, \u00fcber \u201eEin Heldenleben&#8221; von Richard Strauss, dargeboten von den Wiener Symphonikern unter Andr\u00e9s Orozco-Estrada Ab dem ersten Strich zeigte Sophie Heinrich, was ihr Violinspiel ausmacht: eine <a href=\"https:\/\/www.augsburger-allgemeine.de\/augsburg\/kultur\/Friedberger-Advent-Jeder-Ton-mit-Liebe-gespielt-id56126051.html\" target=\"_blank\" rel=\"noopener\">dynamische Tonmalere<\/a>i mit einem warmen Klang-Farbspiel und pr\u00e4zisem Duktus. Aber &#8211; und das ist die Kunst &#8211; immer mit der Kultur im Sinne des Erfinders. M\u00f6chte man etwa mehr \u00fcber den bei manchen Geigern eher gef\u00fcrchteten Brahms&#8217;schen Charakter erfahren, Heinrichs Interpretation zeigt in Perfektion, wie er geht <em>Jeder Ton mit Liebe gespielt, <\/em>Augsburger Allgemeine, 01.12.2019 <a href=\"https:\/\/www.tagblatt-wienerzeitung.at\/nachrichten\/kultur\/klassik\/2078304-Symphoniker-Sanfter-Beginn.html\" target=\"_blank\" rel=\"noopener\">Spezialapplaus<\/a> zuletzt f\u00fcr Konzertmeisterin Sophie Heinrich: Ihre Geigensoli strotzen derart vor Wendigkeit, Lebendigkeit und Innenspannung, dass man von einem &#8216;Heldinnenleben&#8217; sprechen m\u00f6chte. Christoph Irrgeher, Wiener Zeitung, 11.10.2020, \u00fcber \u201eEin Heldenleben&#8221; von Richard Strauss, dargeboten von den Wiener Symphonikern unter Andr\u00e9s Orozco-Estrada<\/p>\r\n","protected":false},"excerpt":{"rendered":"<p>Ausgew\u00e4hlte Kritiken &#8230; Ob als Solistin oder Konzertmeisterin &#8211; Sophie Heinrichs Violinspiel vermag Publikum und Kritiker*innen zu begeistern. Unten einige Pressestimmen zu unterschiedlichen Konzertereignissen. Falls Sie selbst Ohren- und Augenzeugin von Sophie Heinrichs Geigenspiel werden m\u00f6chten, werfen Sie bitte einen Blick in den Kalender. Am Konzertmeisterpult \u00fcberzeugte Sophie Heinrich mit bewegenden Solo-Passagen. Da wurde mit&hellip;<\/p>\n","protected":false},"author":2,"featured_media":280,"parent":0,"menu_order":0,"comment_status":"closed","ping_status":"closed","template":"page_a_text_rechts_foto_links.php","meta":{"_acf_changed":false,"inline_featured_image":false,"footnotes":""},"class_list":["post-480","page","type-page","status-publish","has-post-thumbnail","hentry"],"acf":[],"yoast_head":"<!-- This site is optimized with the Yoast SEO plugin v25.4 - https:\/\/yoast.com\/wordpress\/plugins\/seo\/ -->\n<title>Press Reviews - Sophie Heinrich<\/title>\n<meta name=\"description\" content=\"Sophie Heinrich, violin soloist, concertmaster, Vienna Symphony Orchestra, violin, violin soloist, Bavarian State Orchestra, press reviews\" \/>\n<meta name=\"robots\" content=\"index, follow, max-snippet:-1, max-image-preview:large, max-video-preview:-1\" \/>\n<link rel=\"canonical\" href=\"https:\/\/sophieheinrich.com\/en\/press-reviews\/\" \/>\n<meta property=\"og:locale\" content=\"en_US\" \/>\n<meta property=\"og:type\" content=\"article\" \/>\n<meta property=\"og:title\" content=\"Sophie Heinrich | Press reviews\" \/>\n<meta property=\"og:description\" content=\"Sophie Heinrich | Press reviews\" \/>\n<meta property=\"og:url\" content=\"https:\/\/sophieheinrich.com\/en\/press-reviews\/\" \/>\n<meta property=\"og:site_name\" content=\"Sophie Heinrich\" \/>\n<meta property=\"article:modified_time\" content=\"2026-02-26T10:50:00+00:00\" \/>\n<meta property=\"og:image\" content=\"https:\/\/sophieheinrich.com\/wp-content\/uploads\/2025\/06\/Sophie_Heinrich_S2_8272_h_sRGB_weboptimiert.jpg\" \/>\n<meta name=\"twitter:card\" content=\"summary_large_image\" \/>\n<meta name=\"twitter:label1\" content=\"Est. reading time\" \/>\n\t<meta name=\"twitter:data1\" content=\"3 minutes\" \/>\n<script type=\"application\/ld+json\" class=\"yoast-schema-graph\">{\"@context\":\"https:\/\/schema.org\",\"@graph\":[{\"@type\":\"WebPage\",\"@id\":\"https:\/\/sophieheinrich.com\/en\/press-reviews\/\",\"url\":\"https:\/\/sophieheinrich.com\/en\/press-reviews\/\",\"name\":\"Press Reviews - Sophie Heinrich\",\"isPartOf\":{\"@id\":\"https:\/\/sophieheinrich.com\/en\/#website\"},\"primaryImageOfPage\":{\"@id\":\"https:\/\/sophieheinrich.com\/en\/press-reviews\/#primaryimage\"},\"image\":{\"@id\":\"https:\/\/sophieheinrich.com\/en\/press-reviews\/#primaryimage\"},\"thumbnailUrl\":\"https:\/\/sophieheinrich.com\/wp-content\/uploads\/2025\/06\/Sophie_Heinrich_AAE__155_h_sRGB_weboptimiert.jpg\",\"datePublished\":\"2025-06-24T14:53:30+00:00\",\"dateModified\":\"2026-02-26T10:50:00+00:00\",\"description\":\"Sophie Heinrich, violin soloist, concertmaster, Vienna Symphony Orchestra, violin, violin soloist, Bavarian State Orchestra, press reviews\",\"breadcrumb\":{\"@id\":\"https:\/\/sophieheinrich.com\/en\/press-reviews\/#breadcrumb\"},\"inLanguage\":\"en-US\",\"potentialAction\":[{\"@type\":\"ReadAction\",\"target\":[\"https:\/\/sophieheinrich.com\/en\/press-reviews\/\"]}]},{\"@type\":\"ImageObject\",\"inLanguage\":\"en-US\",\"@id\":\"https:\/\/sophieheinrich.com\/en\/press-reviews\/#primaryimage\",\"url\":\"https:\/\/sophieheinrich.com\/wp-content\/uploads\/2025\/06\/Sophie_Heinrich_AAE__155_h_sRGB_weboptimiert.jpg\",\"contentUrl\":\"https:\/\/sophieheinrich.com\/wp-content\/uploads\/2025\/06\/Sophie_Heinrich_AAE__155_h_sRGB_weboptimiert.jpg\",\"width\":1533,\"height\":2300,\"caption\":\"Sophie Heinrich, Violinsolistin und Konzertmeisterin, Portrait s\/w 03, (C) Markus Morianz\"},{\"@type\":\"BreadcrumbList\",\"@id\":\"https:\/\/sophieheinrich.com\/en\/press-reviews\/#breadcrumb\",\"itemListElement\":[{\"@type\":\"ListItem\",\"position\":1,\"name\":\"Startseite\",\"item\":\"https:\/\/sophieheinrich.com\/en\/sophie-heinrich\/\"},{\"@type\":\"ListItem\",\"position\":2,\"name\":\"Press Reviews\"}]},{\"@type\":\"WebSite\",\"@id\":\"https:\/\/sophieheinrich.com\/en\/#website\",\"url\":\"https:\/\/sophieheinrich.com\/en\/\",\"name\":\"Sophie Heinrich\",\"description\":\"\",\"potentialAction\":[{\"@type\":\"SearchAction\",\"target\":{\"@type\":\"EntryPoint\",\"urlTemplate\":\"https:\/\/sophieheinrich.com\/en\/?s={search_term_string}\"},\"query-input\":{\"@type\":\"PropertyValueSpecification\",\"valueRequired\":true,\"valueName\":\"search_term_string\"}}],\"inLanguage\":\"en-US\"}]}<\/script>\n<!-- \/ Yoast SEO plugin. -->","yoast_head_json":{"title":"Press Reviews - Sophie Heinrich","description":"Sophie Heinrich, violin soloist, concertmaster, Vienna Symphony Orchestra, violin, violin soloist, Bavarian State Orchestra, press reviews","robots":{"index":"index","follow":"follow","max-snippet":"max-snippet:-1","max-image-preview":"max-image-preview:large","max-video-preview":"max-video-preview:-1"},"canonical":"https:\/\/sophieheinrich.com\/en\/press-reviews\/","og_locale":"en_US","og_type":"article","og_title":"Sophie Heinrich | Press reviews","og_description":"Sophie Heinrich | Press reviews","og_url":"https:\/\/sophieheinrich.com\/en\/press-reviews\/","og_site_name":"Sophie Heinrich","article_modified_time":"2026-02-26T10:50:00+00:00","og_image":[{"url":"https:\/\/sophieheinrich.com\/wp-content\/uploads\/2025\/06\/Sophie_Heinrich_S2_8272_h_sRGB_weboptimiert.jpg","type":"","width":"","height":""}],"twitter_card":"summary_large_image","twitter_misc":{"Est. reading time":"3 minutes"},"schema":{"@context":"https:\/\/schema.org","@graph":[{"@type":"WebPage","@id":"https:\/\/sophieheinrich.com\/en\/press-reviews\/","url":"https:\/\/sophieheinrich.com\/en\/press-reviews\/","name":"Press Reviews - Sophie Heinrich","isPartOf":{"@id":"https:\/\/sophieheinrich.com\/en\/#website"},"primaryImageOfPage":{"@id":"https:\/\/sophieheinrich.com\/en\/press-reviews\/#primaryimage"},"image":{"@id":"https:\/\/sophieheinrich.com\/en\/press-reviews\/#primaryimage"},"thumbnailUrl":"https:\/\/sophieheinrich.com\/wp-content\/uploads\/2025\/06\/Sophie_Heinrich_AAE__155_h_sRGB_weboptimiert.jpg","datePublished":"2025-06-24T14:53:30+00:00","dateModified":"2026-02-26T10:50:00+00:00","description":"Sophie Heinrich, violin soloist, concertmaster, Vienna Symphony Orchestra, violin, violin soloist, Bavarian State Orchestra, press reviews","breadcrumb":{"@id":"https:\/\/sophieheinrich.com\/en\/press-reviews\/#breadcrumb"},"inLanguage":"en-US","potentialAction":[{"@type":"ReadAction","target":["https:\/\/sophieheinrich.com\/en\/press-reviews\/"]}]},{"@type":"ImageObject","inLanguage":"en-US","@id":"https:\/\/sophieheinrich.com\/en\/press-reviews\/#primaryimage","url":"https:\/\/sophieheinrich.com\/wp-content\/uploads\/2025\/06\/Sophie_Heinrich_AAE__155_h_sRGB_weboptimiert.jpg","contentUrl":"https:\/\/sophieheinrich.com\/wp-content\/uploads\/2025\/06\/Sophie_Heinrich_AAE__155_h_sRGB_weboptimiert.jpg","width":1533,"height":2300,"caption":"Sophie Heinrich, Violinsolistin und Konzertmeisterin, Portrait s\/w 03, (C) Markus Morianz"},{"@type":"BreadcrumbList","@id":"https:\/\/sophieheinrich.com\/en\/press-reviews\/#breadcrumb","itemListElement":[{"@type":"ListItem","position":1,"name":"Startseite","item":"https:\/\/sophieheinrich.com\/en\/sophie-heinrich\/"},{"@type":"ListItem","position":2,"name":"Press Reviews"}]},{"@type":"WebSite","@id":"https:\/\/sophieheinrich.com\/en\/#website","url":"https:\/\/sophieheinrich.com\/en\/","name":"Sophie Heinrich","description":"","potentialAction":[{"@type":"SearchAction","target":{"@type":"EntryPoint","urlTemplate":"https:\/\/sophieheinrich.com\/en\/?s={search_term_string}"},"query-input":{"@type":"PropertyValueSpecification","valueRequired":true,"valueName":"search_term_string"}}],"inLanguage":"en-US"}]}},"_links":{"self":[{"href":"https:\/\/sophieheinrich.com\/en\/wp-json\/wp\/v2\/pages\/480","targetHints":{"allow":["GET"]}}],"collection":[{"href":"https:\/\/sophieheinrich.com\/en\/wp-json\/wp\/v2\/pages"}],"about":[{"href":"https:\/\/sophieheinrich.com\/en\/wp-json\/wp\/v2\/types\/page"}],"author":[{"embeddable":true,"href":"https:\/\/sophieheinrich.com\/en\/wp-json\/wp\/v2\/users\/2"}],"replies":[{"embeddable":true,"href":"https:\/\/sophieheinrich.com\/en\/wp-json\/wp\/v2\/comments?post=480"}],"version-history":[{"count":6,"href":"https:\/\/sophieheinrich.com\/en\/wp-json\/wp\/v2\/pages\/480\/revisions"}],"predecessor-version":[{"id":1127,"href":"https:\/\/sophieheinrich.com\/en\/wp-json\/wp\/v2\/pages\/480\/revisions\/1127"}],"wp:featuredmedia":[{"embeddable":true,"href":"https:\/\/sophieheinrich.com\/en\/wp-json\/wp\/v2\/media\/280"}],"wp:attachment":[{"href":"https:\/\/sophieheinrich.com\/en\/wp-json\/wp\/v2\/media?parent=480"}],"curies":[{"name":"wp","href":"https:\/\/api.w.org\/{rel}","templated":true}]}}