{"id":476,"date":"2025-06-11T17:16:18","date_gmt":"2025-06-11T16:16:18","guid":{"rendered":"https:\/\/sophieheinrich.com\/photos\/"},"modified":"2026-02-10T15:48:15","modified_gmt":"2026-02-10T14:48:15","slug":"photos","status":"publish","type":"page","link":"https:\/\/sophieheinrich.com\/en\/photos\/","title":{"rendered":"Photos"},"content":{"rendered":"\r\n<h3>Sophie Heinrichs Bildwelten<\/h3>\r\n<p>Der Foto-K\u00fcnstler <a href=\"https:\/\/www.markusmorianz.com\/\" target=\"_blank\" rel=\"noopener\"><strong>Markus Morianz<\/strong><\/a> hat die Violinsolistin und Konzertmeisterin\u00a0<strong>Sophie Heinrich<\/strong> in unterschiedlichen Situationen begleitet. Einige der entstandenen Fotos sind hier versammelt.<\/p>\r\n<p>Um die Bilder gr\u00f6\u00dfer darzustellen, klicken Sie bitte auf eins der Fotos. Dann \u00f6ffnet sich die Foto-Galerie. Viel Vergn\u00fcgen beim Durchst\u00f6bern!<\/p>\r\n<p><strong>Pressefotos<\/strong> zum Download finden Sie <a href=\"https:\/\/sophieheinrich.com\/en\/download\/\" target=\"_blank\" rel=\"noopener\">hier<\/a>.<\/p>\r\n","protected":false},"excerpt":{"rendered":"<p>Sophie Heinrichs Bildwelten Der Foto-K\u00fcnstler Markus Morianz hat die Violinsolistin und Konzertmeisterin\u00a0Sophie Heinrich in unterschiedlichen Situationen begleitet. Einige der entstandenen Fotos sind hier versammelt. Um die Bilder gr\u00f6\u00dfer darzustellen, klicken Sie bitte auf eins der Fotos. Dann \u00f6ffnet sich die Foto-Galerie. Viel Vergn\u00fcgen beim Durchst\u00f6bern! Pressefotos zum Download finden Sie hier.<\/p>\n","protected":false},"author":1,"featured_media":322,"parent":0,"menu_order":0,"comment_status":"closed","ping_status":"closed","template":"page_a_foto_rechts_text_links.php","meta":{"_acf_changed":false,"inline_featured_image":false,"footnotes":""},"class_list":["post-476","page","type-page","status-publish","has-post-thumbnail","hentry"],"acf":[],"yoast_head":"<!-- This site is optimized with the Yoast SEO plugin v25.4 - https:\/\/yoast.com\/wordpress\/plugins\/seo\/ -->\n<title>Photos - Sophie Heinrich<\/title>\n<meta name=\"description\" content=\"Sophie Heinrich, violin soloist, concertmaster, violinist, violinist, teacher, mentor, violin, violin, photos, pictures, gallery\" \/>\n<meta name=\"robots\" content=\"index, follow, max-snippet:-1, max-image-preview:large, max-video-preview:-1\" \/>\n<link rel=\"canonical\" href=\"https:\/\/sophieheinrich.com\/en\/photos\/\" \/>\n<meta property=\"og:locale\" content=\"en_US\" \/>\n<meta property=\"og:type\" content=\"article\" \/>\n<meta property=\"og:title\" content=\"Sophie Heinrich | Photos\" \/>\n<meta property=\"og:description\" content=\"Sophie Heinrich | Photos\" \/>\n<meta property=\"og:url\" content=\"https:\/\/sophieheinrich.com\/en\/photos\/\" \/>\n<meta property=\"og:site_name\" content=\"Sophie Heinrich\" \/>\n<meta property=\"article:modified_time\" content=\"2026-02-10T14:48:15+00:00\" \/>\n<meta property=\"og:image\" content=\"https:\/\/sophieheinrich.com\/wp-content\/uploads\/2025\/06\/Sophie_Heinrich_SH_7740_h_sRGB_weboptimiert.jpg\" \/>\n<meta name=\"twitter:card\" content=\"summary_large_image\" \/>\n<script type=\"application\/ld+json\" class=\"yoast-schema-graph\">{\"@context\":\"https:\/\/schema.org\",\"@graph\":[{\"@type\":\"WebPage\",\"@id\":\"https:\/\/sophieheinrich.com\/en\/photos\/\",\"url\":\"https:\/\/sophieheinrich.com\/en\/photos\/\",\"name\":\"Photos - Sophie Heinrich\",\"isPartOf\":{\"@id\":\"https:\/\/sophieheinrich.com\/en\/#website\"},\"primaryImageOfPage\":{\"@id\":\"https:\/\/sophieheinrich.com\/en\/photos\/#primaryimage\"},\"image\":{\"@id\":\"https:\/\/sophieheinrich.com\/en\/photos\/#primaryimage\"},\"thumbnailUrl\":\"https:\/\/sophieheinrich.com\/wp-content\/uploads\/2025\/06\/Sophie_Heinrich_SH_7740_h_sRGB_weboptimiert.jpg\",\"datePublished\":\"2025-06-11T16:16:18+00:00\",\"dateModified\":\"2026-02-10T14:48:15+00:00\",\"description\":\"Sophie Heinrich, violin soloist, concertmaster, violinist, violinist, teacher, mentor, violin, violin, photos, pictures, gallery\",\"breadcrumb\":{\"@id\":\"https:\/\/sophieheinrich.com\/en\/photos\/#breadcrumb\"},\"inLanguage\":\"en-US\",\"potentialAction\":[{\"@type\":\"ReadAction\",\"target\":[\"https:\/\/sophieheinrich.com\/en\/photos\/\"]}]},{\"@type\":\"ImageObject\",\"inLanguage\":\"en-US\",\"@id\":\"https:\/\/sophieheinrich.com\/en\/photos\/#primaryimage\",\"url\":\"https:\/\/sophieheinrich.com\/wp-content\/uploads\/2025\/06\/Sophie_Heinrich_SH_7740_h_sRGB_weboptimiert.jpg\",\"contentUrl\":\"https:\/\/sophieheinrich.com\/wp-content\/uploads\/2025\/06\/Sophie_Heinrich_SH_7740_h_sRGB_weboptimiert.jpg\",\"width\":2300,\"height\":1551,\"caption\":\"Sophie Heinrich, Violinsolistin und Konzertmeisterin, Portrait 06, (C) Markus Morianz\"},{\"@type\":\"BreadcrumbList\",\"@id\":\"https:\/\/sophieheinrich.com\/en\/photos\/#breadcrumb\",\"itemListElement\":[{\"@type\":\"ListItem\",\"position\":1,\"name\":\"Startseite\",\"item\":\"https:\/\/sophieheinrich.com\/en\/sophie-heinrich\/\"},{\"@type\":\"ListItem\",\"position\":2,\"name\":\"Photos\"}]},{\"@type\":\"WebSite\",\"@id\":\"https:\/\/sophieheinrich.com\/en\/#website\",\"url\":\"https:\/\/sophieheinrich.com\/en\/\",\"name\":\"Sophie Heinrich\",\"description\":\"\",\"potentialAction\":[{\"@type\":\"SearchAction\",\"target\":{\"@type\":\"EntryPoint\",\"urlTemplate\":\"https:\/\/sophieheinrich.com\/en\/?s={search_term_string}\"},\"query-input\":{\"@type\":\"PropertyValueSpecification\",\"valueRequired\":true,\"valueName\":\"search_term_string\"}}],\"inLanguage\":\"en-US\"}]}<\/script>\n<!-- \/ Yoast SEO plugin. -->","yoast_head_json":{"title":"Photos - Sophie Heinrich","description":"Sophie Heinrich, violin soloist, concertmaster, violinist, violinist, teacher, mentor, violin, violin, photos, pictures, gallery","robots":{"index":"index","follow":"follow","max-snippet":"max-snippet:-1","max-image-preview":"max-image-preview:large","max-video-preview":"max-video-preview:-1"},"canonical":"https:\/\/sophieheinrich.com\/en\/photos\/","og_locale":"en_US","og_type":"article","og_title":"Sophie Heinrich | Photos","og_description":"Sophie Heinrich | Photos","og_url":"https:\/\/sophieheinrich.com\/en\/photos\/","og_site_name":"Sophie Heinrich","article_modified_time":"2026-02-10T14:48:15+00:00","og_image":[{"url":"https:\/\/sophieheinrich.com\/wp-content\/uploads\/2025\/06\/Sophie_Heinrich_SH_7740_h_sRGB_weboptimiert.jpg","type":"","width":"","height":""}],"twitter_card":"summary_large_image","schema":{"@context":"https:\/\/schema.org","@graph":[{"@type":"WebPage","@id":"https:\/\/sophieheinrich.com\/en\/photos\/","url":"https:\/\/sophieheinrich.com\/en\/photos\/","name":"Photos - Sophie Heinrich","isPartOf":{"@id":"https:\/\/sophieheinrich.com\/en\/#website"},"primaryImageOfPage":{"@id":"https:\/\/sophieheinrich.com\/en\/photos\/#primaryimage"},"image":{"@id":"https:\/\/sophieheinrich.com\/en\/photos\/#primaryimage"},"thumbnailUrl":"https:\/\/sophieheinrich.com\/wp-content\/uploads\/2025\/06\/Sophie_Heinrich_SH_7740_h_sRGB_weboptimiert.jpg","datePublished":"2025-06-11T16:16:18+00:00","dateModified":"2026-02-10T14:48:15+00:00","description":"Sophie Heinrich, violin soloist, concertmaster, violinist, violinist, teacher, mentor, violin, violin, photos, pictures, gallery","breadcrumb":{"@id":"https:\/\/sophieheinrich.com\/en\/photos\/#breadcrumb"},"inLanguage":"en-US","potentialAction":[{"@type":"ReadAction","target":["https:\/\/sophieheinrich.com\/en\/photos\/"]}]},{"@type":"ImageObject","inLanguage":"en-US","@id":"https:\/\/sophieheinrich.com\/en\/photos\/#primaryimage","url":"https:\/\/sophieheinrich.com\/wp-content\/uploads\/2025\/06\/Sophie_Heinrich_SH_7740_h_sRGB_weboptimiert.jpg","contentUrl":"https:\/\/sophieheinrich.com\/wp-content\/uploads\/2025\/06\/Sophie_Heinrich_SH_7740_h_sRGB_weboptimiert.jpg","width":2300,"height":1551,"caption":"Sophie Heinrich, Violinsolistin und Konzertmeisterin, Portrait 06, (C) Markus Morianz"},{"@type":"BreadcrumbList","@id":"https:\/\/sophieheinrich.com\/en\/photos\/#breadcrumb","itemListElement":[{"@type":"ListItem","position":1,"name":"Startseite","item":"https:\/\/sophieheinrich.com\/en\/sophie-heinrich\/"},{"@type":"ListItem","position":2,"name":"Photos"}]},{"@type":"WebSite","@id":"https:\/\/sophieheinrich.com\/en\/#website","url":"https:\/\/sophieheinrich.com\/en\/","name":"Sophie Heinrich","description":"","potentialAction":[{"@type":"SearchAction","target":{"@type":"EntryPoint","urlTemplate":"https:\/\/sophieheinrich.com\/en\/?s={search_term_string}"},"query-input":{"@type":"PropertyValueSpecification","valueRequired":true,"valueName":"search_term_string"}}],"inLanguage":"en-US"}]}},"_links":{"self":[{"href":"https:\/\/sophieheinrich.com\/en\/wp-json\/wp\/v2\/pages\/476","targetHints":{"allow":["GET"]}}],"collection":[{"href":"https:\/\/sophieheinrich.com\/en\/wp-json\/wp\/v2\/pages"}],"about":[{"href":"https:\/\/sophieheinrich.com\/en\/wp-json\/wp\/v2\/types\/page"}],"author":[{"embeddable":true,"href":"https:\/\/sophieheinrich.com\/en\/wp-json\/wp\/v2\/users\/1"}],"replies":[{"embeddable":true,"href":"https:\/\/sophieheinrich.com\/en\/wp-json\/wp\/v2\/comments?post=476"}],"version-history":[{"count":3,"href":"https:\/\/sophieheinrich.com\/en\/wp-json\/wp\/v2\/pages\/476\/revisions"}],"predecessor-version":[{"id":1094,"href":"https:\/\/sophieheinrich.com\/en\/wp-json\/wp\/v2\/pages\/476\/revisions\/1094"}],"wp:featuredmedia":[{"embeddable":true,"href":"https:\/\/sophieheinrich.com\/en\/wp-json\/wp\/v2\/media\/322"}],"wp:attachment":[{"href":"https:\/\/sophieheinrich.com\/en\/wp-json\/wp\/v2\/media?parent=476"}],"curies":[{"name":"wp","href":"https:\/\/api.w.org\/{rel}","templated":true}]}}