{"id":467,"date":"2025-07-02T13:17:24","date_gmt":"2025-07-02T12:17:24","guid":{"rendered":"https:\/\/sophieheinrich.com\/all-about-eve\/"},"modified":"2025-10-07T14:39:56","modified_gmt":"2025-10-07T13:39:56","slug":"all-about-eve","status":"publish","type":"page","link":"https:\/\/sophieheinrich.com\/en\/all-about-eve\/","title":{"rendered":"All About Eve"},"content":{"rendered":"\r\n<h2>Sophie Heinrich und Maria Radutu machen sich f\u00fcr Komponistinnen stark\u00a0und erinnern an ihre Schicksale.<\/h2>\r\n<p> <div class=\"brlbs-cmpnt-container brlbs-cmpnt-content-blocker\" data-borlabs-cookie-content-blocker-id=\"youtube-content-blocker\" data-borlabs-cookie-content=\"PGlmcmFtZSB0aXRsZT0iQWxsIEFib3V0IEV2ZSAoVHJhaWxlcikiIHNyYz0iaHR0cHM6Ly93d3cueW91dHViZS1ub2Nvb2tpZS5jb20vZW1iZWQvSncxdUQ1amZ5LW8\/c3RhcnQ9NSZhbXA7ZmVhdHVyZT1vZW1iZWQiIHdpZHRoPSI1MDAiIGhlaWdodD0iMjgxIiBmcmFtZWJvcmRlcj0iMCIgYWxsb3dmdWxsc2NyZWVuPSJhbGxvd2Z1bGxzY3JlZW4iPjwvaWZyYW1lPg==\"><div class=\"brlbs-cmpnt-cb-preset-c brlbs-cmpnt-cb-youtube\"> <div class=\"brlbs-cmpnt-cb-thumbnail\" style=\"background-image: url('https:\/\/sophieheinrich.com\/wp-content\/uploads\/borlabs-cookie\/1\/yt_Jw1uD5jfy-o_hqdefault.jpg')\"><\/div> <div class=\"brlbs-cmpnt-cb-main\"> <div class=\"brlbs-cmpnt-cb-play-button\"><\/div> <div class=\"brlbs-cmpnt-cb-content\"> <p class=\"brlbs-cmpnt-cb-description\">You are currently viewing a placeholder content from <strong>YouTube<\/strong>. To access the actual content, click the button below. Please note that doing so will share data with third-party providers.<\/p> <a class=\"brlbs-cmpnt-cb-provider-toggle\" href=\"#\" data-borlabs-cookie-show-provider-information role=\"button\">More Information<\/a> <\/div> <div class=\"brlbs-cmpnt-cb-buttons\"> <a class=\"brlbs-cmpnt-cb-btn\" href=\"#\" data-borlabs-cookie-unblock role=\"button\">Unblock content<\/a> <a class=\"brlbs-cmpnt-cb-btn\" href=\"#\" data-borlabs-cookie-accept-service role=\"button\" style=\"display: inherit\">Accept required service and unblock content<\/a> <\/div> <\/div> <\/div><\/div><\/p>\r\n<p><strong><br \/>All About Eve<\/strong>: Ein Programm, das Frauen und ihrem musikalischen Schaffen eine B\u00fchne bietet: Ihren Geschichten, Erlebnissen, Motivationen. Und zuallererst ihrer Musik: lebendig, vielf\u00e4ltig, kreativ und mutig!<\/p>\r\n<p>Sophie Heinrich\u00a0(Violine) und\u00a0<a href=\"https:\/\/www.mariaradutu.com\/\" target=\"_blank\" rel=\"noopener\"><strong>Maria Radutu<\/strong><\/a>\u00a0(Klavier) haben neben ihrer Meisterschaft am Instrument und ihrer Passion f\u00fcr Musik noch eines gemein: Sie sind Geschichtenerz\u00e4hlerinnen. In ihren solistischen Programmen haben sie eigene Wege geschaffen, bekannte und unbekannte Musik auf ganz individuelle Weise textsicher ans Publikum zu bringen: Radutu in ihrer <a href=\"https:\/\/www.mariaradutu.com\/pianobox\/\" target=\"_blank\" rel=\"noopener\">PianoBox<\/a>, Heinrich mit Almas Musiksalon. Maria l\u00e4dt in die Welten der unterschiedlichsten Musikstile ein, und hilft ihnen mit ihrer Stimme deren ganz eigenen, zeitgem\u00e4\u00dfen, modernen Zugang zur vorgestellten Musik zu finden. Sophie entf\u00fchrt mit Texten und Geschichten in vergangene Epochen und in die Gef\u00fchlswelten ihrer Komponist*innen. Sie zeigt sie dem Publikum durch Zitate aus Tageb\u00fcchern oder Briefen als Menschen und macht so die Werke nahbarer, begreifbarer.<\/p>\r\n<p>Das beste aus Beidem vereinen die beiden Powerfrauen in ihrem gemeinsamen Programm \u201e<strong>All About Eve<\/strong>&#8220;. Dieses Programm bietet <strong>Frauen und deren musikalischen Werken<\/strong> ein B\u00fchne, egal welcher Epochen. Es geht um ihre Geschichten, Erlebnisse, Motivationen und zuallererst um ihre Musik: wie die der beiden <strong>Schwestern Boulanger<\/strong> &#8211; beide preisgekr\u00f6nt f\u00fcr ihr Schaffen &#8211; welche \u00fcber den Tod hinaus eine anr\u00fchrende und innige Beziehung verband, die brodelnde,\u00a0 unersch\u00fctterliche Kraft der Musik der Afroamerikanerin <strong>Florence Price<\/strong>, welche zu Lebzeiten Zeit aufgrund ihrer Hautfarbe kein Konzerthaus besuchen durfte, die temperamentvolle, harmonisch hochkomplexe Sonate der kroatisch-ungarischen Komponistin <strong>Dora Peja\u010devic<\/strong>, eine hochgebildete, moderne Frau der 1920er Jahre, oder die fantasievoll-mystische Musik der Zeitgenossin <a href=\"https:\/\/leraauerbach.com\/\" target=\"_blank\" rel=\"noopener\"><strong>Lera Auerbach<\/strong><\/a>.<\/p>\r\n<p>Lebendigkeit, kreative Vielfalt, Qualit\u00e4t und Mut haben dabei alle Frauen gemein. So pfl\u00fccken die Ausnahmek\u00fcnstlerinnen heute \u201eEvas reife \u00c4pfel&#8221; und verf\u00fchren durch Musik und Text dazu, von den Fr\u00fcchten jenes Baums zu essen, den Frauen in der Vergangenheit allen Widerst\u00e4nden zum Trotz mutig gepflanzt haben und der heute in seiner \u00fcppigen Pracht nicht mehr zu \u00fcbersehen ist!<\/p>\r\n<p>Die Geigerin Sophie Heinrich und die Pianistin Maria Radutu interpretierten bei einem Gespr\u00e4chskonzert im Wittelsbacher Schloss nicht nur Musik gut bekannter Komponistinnen \u2026, sondern auch Werke von Florence Beatrice Price \u2026 und der von ihrem Mann bevormundeten Nordamerikanerin Amy Beach. Dass all dies aus gleichsam berufenem Mund erklang, daf\u00fcr steh die &#8211; gewesene &#8211; Wiener Konzertmeisterin Sophie Heinrich <em>Reine Frauensache<\/em>, Augsburger Allgemeine 02. 12. 2023, \u00fcber All About Eve<\/p>\r\n<h2>All About Eve &#8211; Das Programm<\/h2>\r\n<ul>\r\n<li>Nadia Boulanger (1887 &#8211; 1979): Vers la vie nouvelle fu\u0308r Klavier solo<\/li>\r\n<li>Lili Boulanger (1893 &#8211; 1918): Nocturne &amp; Cortege fu\u0308r Violine &amp; Klavier<\/li>\r\n<li>Lera Auerbach (*1973): Pra\u0308ludium Nr. 1, aus den 24 Pra\u0308ludien fu\u0308r Violine &amp; Klavier<\/li>\r\n<li><a href=\"https:\/\/www.nkeiruokoye.com\/\" target=\"_blank\" rel=\"noopener\">Nkeiru Okoye<\/a> (*1972): African Sketches, IV. Drums Calling fu\u0308r Klavier solo<\/li>\r\n<li>Florence Beatrice Price (1887 &#8211; 1953): Fantasie fu\u0308r Violine &amp; Klavier No.2<\/li>\r\n<li>Amy Beach (1867 &#8211; 1944): Sonata fu\u0308r Violine &amp; Klavier Op. 34, II Scherzo<\/li>\r\n<li>Dora Pejacevic (1885 &#8211; 1923): Sonate fu\u0308r Violine &amp; Klavier in B-Moll, Op. 43: \u201eSlawische&#8221;<\/li>\r\n<li>Sofia Gubaidulina (1931 &#8211; 2025): A. Piazzollas \u201eLe Grand Tango&#8221;, arr. fu\u0308r Violine &amp; Klavier<\/li>\r\n<\/ul>\r\n<p><strong>Sophie Heinrich<\/strong> &#8211; Violine, Moderation<br \/><strong>Maria Radutu<\/strong> &#8211; Klavier, Moderation<\/p>\r\n<h3>Kontakt &amp; Booking<\/h3>\r\n<p><a href=\"mailto:anfrage@sophieheinrich.com\">anfrage@sophieheinrich.com<\/a><\/p>\r\n<h3>Website<\/h3>\r\n<p><a href=\"https:\/\/www.mariaradutu.com\/all-about-eve\/\" target=\"_blank\" rel=\"noopener\">mariaradutu.com\/all-about-eve<\/a><\/p>\r\n<hr \/>\r\n<p>&nbsp;<\/p>\r\n","protected":false},"excerpt":{"rendered":"<p>Sophie Heinrich und Maria Radutu machen sich f\u00fcr Komponistinnen stark\u00a0und erinnern an ihre Schicksale. You are currently viewing a placeholder content from YouTube. To access the actual content, click the button below. Please note that doing so will share data with third-party providers. More Information Unblock content Accept required service and unblock content All About&hellip;<\/p>\n","protected":false},"author":2,"featured_media":839,"parent":0,"menu_order":0,"comment_status":"closed","ping_status":"closed","template":"page_a_foto_rechts_text_links.php","meta":{"_acf_changed":false,"inline_featured_image":false,"footnotes":""},"class_list":["post-467","page","type-page","status-publish","has-post-thumbnail","hentry"],"acf":[],"yoast_head":"<!-- This site is optimized with the Yoast SEO plugin v25.4 - https:\/\/yoast.com\/wordpress\/plugins\/seo\/ -->\n<title>All About Eve - Sophie Heinrich<\/title>\n<meta name=\"description\" content=\"Sophie Heinrich, violin soloist, concertmaster, All About Eve, Maria Radutu, Nadia Boulanger, Lili Boulanger, Nkeiru Okoye, Gubaidulina\" \/>\n<meta name=\"robots\" content=\"index, follow, max-snippet:-1, max-image-preview:large, max-video-preview:-1\" \/>\n<link rel=\"canonical\" href=\"https:\/\/sophieheinrich.com\/en\/all-about-eve\/\" \/>\n<meta property=\"og:locale\" content=\"en_US\" \/>\n<meta property=\"og:type\" content=\"article\" \/>\n<meta property=\"og:title\" content=\"All About Eve - Sophie Heinrich\" \/>\n<meta property=\"og:description\" content=\"Sophie Heinrich, violin soloist, concertmaster, All About Eve, Maria Radutu, Nadia Boulanger, Lili Boulanger, Nkeiru Okoye, Gubaidulina\" \/>\n<meta property=\"og:url\" content=\"https:\/\/sophieheinrich.com\/en\/all-about-eve\/\" \/>\n<meta property=\"og:site_name\" content=\"Sophie Heinrich\" \/>\n<meta property=\"article:modified_time\" content=\"2025-10-07T13:39:56+00:00\" \/>\n<meta property=\"og:image\" content=\"https:\/\/sophieheinrich.com\/wp-content\/uploads\/2025\/07\/All_About_Eve_Web-Bild_\u00a9_Phoebe_Violet.jpg\" \/>\n<meta name=\"twitter:card\" content=\"summary_large_image\" \/>\n<meta name=\"twitter:label1\" content=\"Est. reading time\" \/>\n\t<meta name=\"twitter:data1\" content=\"3 minutes\" \/>\n<script type=\"application\/ld+json\" class=\"yoast-schema-graph\">{\"@context\":\"https:\/\/schema.org\",\"@graph\":[{\"@type\":\"WebPage\",\"@id\":\"https:\/\/sophieheinrich.com\/en\/all-about-eve\/\",\"url\":\"https:\/\/sophieheinrich.com\/en\/all-about-eve\/\",\"name\":\"All About Eve - Sophie Heinrich\",\"isPartOf\":{\"@id\":\"https:\/\/sophieheinrich.com\/en\/#website\"},\"primaryImageOfPage\":{\"@id\":\"https:\/\/sophieheinrich.com\/en\/all-about-eve\/#primaryimage\"},\"image\":{\"@id\":\"https:\/\/sophieheinrich.com\/en\/all-about-eve\/#primaryimage\"},\"thumbnailUrl\":\"https:\/\/sophieheinrich.com\/wp-content\/uploads\/2025\/09\/All_About_Eve_Web-Bild_\u00a9_Phoebe_Violet.jpg\",\"datePublished\":\"2025-07-02T12:17:24+00:00\",\"dateModified\":\"2025-10-07T13:39:56+00:00\",\"description\":\"Sophie Heinrich, violin soloist, concertmaster, All About Eve, Maria Radutu, Nadia Boulanger, Lili Boulanger, Nkeiru Okoye, Gubaidulina\",\"breadcrumb\":{\"@id\":\"https:\/\/sophieheinrich.com\/en\/all-about-eve\/#breadcrumb\"},\"inLanguage\":\"en-US\",\"potentialAction\":[{\"@type\":\"ReadAction\",\"target\":[\"https:\/\/sophieheinrich.com\/en\/all-about-eve\/\"]}]},{\"@type\":\"ImageObject\",\"inLanguage\":\"en-US\",\"@id\":\"https:\/\/sophieheinrich.com\/en\/all-about-eve\/#primaryimage\",\"url\":\"https:\/\/sophieheinrich.com\/wp-content\/uploads\/2025\/09\/All_About_Eve_Web-Bild_\u00a9_Phoebe_Violet.jpg\",\"contentUrl\":\"https:\/\/sophieheinrich.com\/wp-content\/uploads\/2025\/09\/All_About_Eve_Web-Bild_\u00a9_Phoebe_Violet.jpg\",\"width\":1310,\"height\":847,\"caption\":\"All About Eve | Sophie Heinrich (Violine) und Maria Radutu (Piano) | \u00a9 Phoebe Violet\"},{\"@type\":\"BreadcrumbList\",\"@id\":\"https:\/\/sophieheinrich.com\/en\/all-about-eve\/#breadcrumb\",\"itemListElement\":[{\"@type\":\"ListItem\",\"position\":1,\"name\":\"Startseite\",\"item\":\"https:\/\/sophieheinrich.com\/en\/sophie-heinrich\/\"},{\"@type\":\"ListItem\",\"position\":2,\"name\":\"All About Eve\"}]},{\"@type\":\"WebSite\",\"@id\":\"https:\/\/sophieheinrich.com\/en\/#website\",\"url\":\"https:\/\/sophieheinrich.com\/en\/\",\"name\":\"Sophie Heinrich\",\"description\":\"\",\"potentialAction\":[{\"@type\":\"SearchAction\",\"target\":{\"@type\":\"EntryPoint\",\"urlTemplate\":\"https:\/\/sophieheinrich.com\/en\/?s={search_term_string}\"},\"query-input\":{\"@type\":\"PropertyValueSpecification\",\"valueRequired\":true,\"valueName\":\"search_term_string\"}}],\"inLanguage\":\"en-US\"}]}<\/script>\n<!-- \/ Yoast SEO plugin. -->","yoast_head_json":{"title":"All About Eve - Sophie Heinrich","description":"Sophie Heinrich, violin soloist, concertmaster, All About Eve, Maria Radutu, Nadia Boulanger, Lili Boulanger, Nkeiru Okoye, Gubaidulina","robots":{"index":"index","follow":"follow","max-snippet":"max-snippet:-1","max-image-preview":"max-image-preview:large","max-video-preview":"max-video-preview:-1"},"canonical":"https:\/\/sophieheinrich.com\/en\/all-about-eve\/","og_locale":"en_US","og_type":"article","og_title":"All About Eve - Sophie Heinrich","og_description":"Sophie Heinrich, violin soloist, concertmaster, All About Eve, Maria Radutu, Nadia Boulanger, Lili Boulanger, Nkeiru Okoye, Gubaidulina","og_url":"https:\/\/sophieheinrich.com\/en\/all-about-eve\/","og_site_name":"Sophie Heinrich","article_modified_time":"2025-10-07T13:39:56+00:00","og_image":[{"url":"https:\/\/sophieheinrich.com\/wp-content\/uploads\/2025\/07\/All_About_Eve_Web-Bild_\u00a9_Phoebe_Violet.jpg","type":"","width":"","height":""}],"twitter_card":"summary_large_image","twitter_misc":{"Est. reading time":"3 minutes"},"schema":{"@context":"https:\/\/schema.org","@graph":[{"@type":"WebPage","@id":"https:\/\/sophieheinrich.com\/en\/all-about-eve\/","url":"https:\/\/sophieheinrich.com\/en\/all-about-eve\/","name":"All About Eve - Sophie Heinrich","isPartOf":{"@id":"https:\/\/sophieheinrich.com\/en\/#website"},"primaryImageOfPage":{"@id":"https:\/\/sophieheinrich.com\/en\/all-about-eve\/#primaryimage"},"image":{"@id":"https:\/\/sophieheinrich.com\/en\/all-about-eve\/#primaryimage"},"thumbnailUrl":"https:\/\/sophieheinrich.com\/wp-content\/uploads\/2025\/09\/All_About_Eve_Web-Bild_\u00a9_Phoebe_Violet.jpg","datePublished":"2025-07-02T12:17:24+00:00","dateModified":"2025-10-07T13:39:56+00:00","description":"Sophie Heinrich, violin soloist, concertmaster, All About Eve, Maria Radutu, Nadia Boulanger, Lili Boulanger, Nkeiru Okoye, Gubaidulina","breadcrumb":{"@id":"https:\/\/sophieheinrich.com\/en\/all-about-eve\/#breadcrumb"},"inLanguage":"en-US","potentialAction":[{"@type":"ReadAction","target":["https:\/\/sophieheinrich.com\/en\/all-about-eve\/"]}]},{"@type":"ImageObject","inLanguage":"en-US","@id":"https:\/\/sophieheinrich.com\/en\/all-about-eve\/#primaryimage","url":"https:\/\/sophieheinrich.com\/wp-content\/uploads\/2025\/09\/All_About_Eve_Web-Bild_\u00a9_Phoebe_Violet.jpg","contentUrl":"https:\/\/sophieheinrich.com\/wp-content\/uploads\/2025\/09\/All_About_Eve_Web-Bild_\u00a9_Phoebe_Violet.jpg","width":1310,"height":847,"caption":"All About Eve | Sophie Heinrich (Violine) und Maria Radutu (Piano) | \u00a9 Phoebe Violet"},{"@type":"BreadcrumbList","@id":"https:\/\/sophieheinrich.com\/en\/all-about-eve\/#breadcrumb","itemListElement":[{"@type":"ListItem","position":1,"name":"Startseite","item":"https:\/\/sophieheinrich.com\/en\/sophie-heinrich\/"},{"@type":"ListItem","position":2,"name":"All About Eve"}]},{"@type":"WebSite","@id":"https:\/\/sophieheinrich.com\/en\/#website","url":"https:\/\/sophieheinrich.com\/en\/","name":"Sophie Heinrich","description":"","potentialAction":[{"@type":"SearchAction","target":{"@type":"EntryPoint","urlTemplate":"https:\/\/sophieheinrich.com\/en\/?s={search_term_string}"},"query-input":{"@type":"PropertyValueSpecification","valueRequired":true,"valueName":"search_term_string"}}],"inLanguage":"en-US"}]}},"_links":{"self":[{"href":"https:\/\/sophieheinrich.com\/en\/wp-json\/wp\/v2\/pages\/467","targetHints":{"allow":["GET"]}}],"collection":[{"href":"https:\/\/sophieheinrich.com\/en\/wp-json\/wp\/v2\/pages"}],"about":[{"href":"https:\/\/sophieheinrich.com\/en\/wp-json\/wp\/v2\/types\/page"}],"author":[{"embeddable":true,"href":"https:\/\/sophieheinrich.com\/en\/wp-json\/wp\/v2\/users\/2"}],"replies":[{"embeddable":true,"href":"https:\/\/sophieheinrich.com\/en\/wp-json\/wp\/v2\/comments?post=467"}],"version-history":[{"count":11,"href":"https:\/\/sophieheinrich.com\/en\/wp-json\/wp\/v2\/pages\/467\/revisions"}],"predecessor-version":[{"id":885,"href":"https:\/\/sophieheinrich.com\/en\/wp-json\/wp\/v2\/pages\/467\/revisions\/885"}],"wp:featuredmedia":[{"embeddable":true,"href":"https:\/\/sophieheinrich.com\/en\/wp-json\/wp\/v2\/media\/839"}],"wp:attachment":[{"href":"https:\/\/sophieheinrich.com\/en\/wp-json\/wp\/v2\/media?parent=467"}],"curies":[{"name":"wp","href":"https:\/\/api.w.org\/{rel}","templated":true}]}}