{"id":200,"date":"2025-06-10T12:01:58","date_gmt":"2025-06-10T11:01:58","guid":{"rendered":"https:\/\/sophieheinrich.com\/tango-5\/"},"modified":"2025-11-06T12:48:16","modified_gmt":"2025-11-06T11:48:16","slug":"tango-5","status":"publish","type":"page","link":"https:\/\/sophieheinrich.com\/en\/tango-5\/","title":{"rendered":"Tango5"},"content":{"rendered":"\r\n<p>5 Solist*innen auf den Spuren Astor Piazzollas<\/p>\r\n<p><strong>\u201eTango5&#8243; steht f\u00fcr die Musik Astor Piazzollas, \u201e5&#8243; f\u00fcr die MusikerInnen, ihren ganz eigenen Stil und ihre Herkunft.\u202f<\/strong><\/p>\r\n<p>Gegr\u00fcndet im Jahre 2021 setzt sich <strong>Tango5<\/strong> aus aktuellen und ehemaligen Mitgliedern der Wiener Symphoniker sowie etablierten Solist*innen aus der Klassik- und Jazzszene zusammen: <a href=\"https:\/\/sophieheinrich.com\/\"><strong>Sophie Heinrich<\/strong><\/a> (Bayern, Violine), <strong>Milo\u0161 Todorovski<\/strong> (Serbien, Bandoneon), <strong>Ignacio Giovanetti<\/strong> (Uruguay, Gitarre), <strong>Maria Radutu<\/strong> (Rum\u00e4nien, Piano), <strong>Ivaylo Iordanov<\/strong> (Bulgarien, Kontrabass).<\/p>\r\n<p>In der originalen Besetzung von Piazzolla gestalten Tango5 ihre Programme mal in enger Verbindung zur urspr\u00fcnglichen Tradition, mal in einem ganz neuen, individuellen Kleid.<\/p>\r\n<p>Eigene Arrangements und spontane Improvisationen machen das Quintett unverwechselbar; so ist sein Tango auch mal jazzig oder balkanesk eingef\u00e4rbt, mit Wiener Ankl\u00e4ngen oder Bossa-Nova-Touch &#8211; so wie auch die Herkunft der MusikerInnen ganz unterschiedlich und multikulturell gepr\u00e4gt ist. Daraus ergibt sich ein musikalischer Mix aus Klassik von Barock bis ins 21. Jahrhundert, Crossover und World Music.<\/p>\r\n<p>Nach dem Deb\u00fct-Konzert im Wiener Konzerthaus hat das Ensemble in \u00d6sterreich vor vollen S\u00e4len gespielt: unb\u00e4ndige Energie, N\u00e4he zum Publikum, wechselnde Moderationen der Musiker*innen und ihre stilistische Vielseitigkeit machen jeden Tango5 Abend zum Erlebnis.<\/p>\r\n<h2>Tango5 Kontakt &amp; Booking<\/h2>\r\n<p><a href=\"mailto:anfrage@sophieheinrich.com\">anfrage@sophieheinrich.com<\/a><\/p>\r\n<h2>Website<\/h2>\r\n<p><a href=\"https:\/\/www.tango5.at\">tango5.at<\/a><\/p>\r\n","protected":false},"excerpt":{"rendered":"<p>5 Solist*innen auf den Spuren Astor Piazzollas \u201eTango5&#8243; steht f\u00fcr die Musik Astor Piazzollas, \u201e5&#8243; f\u00fcr die MusikerInnen, ihren ganz eigenen Stil und ihre Herkunft.\u202f Gegr\u00fcndet im Jahre 2021 setzt sich Tango5 aus aktuellen und ehemaligen Mitgliedern der Wiener Symphoniker sowie etablierten Solist*innen aus der Klassik- und Jazzszene zusammen: Sophie Heinrich (Bayern, Violine), Milo\u0161 Todorovski&hellip;<\/p>\n","protected":false},"author":1,"featured_media":895,"parent":0,"menu_order":0,"comment_status":"closed","ping_status":"closed","template":"page_a_text_rechts_foto_links.php","meta":{"_acf_changed":false,"inline_featured_image":false,"footnotes":""},"class_list":["post-200","page","type-page","status-publish","has-post-thumbnail","hentry"],"acf":[],"yoast_head":"<!-- This site is optimized with the Yoast SEO plugin v25.4 - https:\/\/yoast.com\/wordpress\/plugins\/seo\/ -->\n<title>Tango5 - Sophie Heinrich<\/title>\n<meta name=\"description\" content=\"Sophie Heinrich, violin soloist, concertmaster, Tango5, Milo\u0161 Todorovski, Ignacio Giovanetti, Maria Radutu, Ivaylo Iordanov, Piazzolla\" \/>\n<meta name=\"robots\" content=\"index, follow, max-snippet:-1, max-image-preview:large, max-video-preview:-1\" \/>\n<link rel=\"canonical\" href=\"https:\/\/sophieheinrich.com\/en\/tango-5\/\" \/>\n<meta property=\"og:locale\" content=\"en_US\" \/>\n<meta property=\"og:type\" content=\"article\" \/>\n<meta property=\"og:title\" content=\"Sophie Heinrich | Tango5\" \/>\n<meta property=\"og:description\" content=\"Sophie Heinrich | Tango5\" \/>\n<meta property=\"og:url\" content=\"https:\/\/sophieheinrich.com\/en\/tango-5\/\" \/>\n<meta property=\"og:site_name\" content=\"Sophie Heinrich\" \/>\n<meta property=\"article:modified_time\" content=\"2025-11-06T11:48:16+00:00\" \/>\n<meta property=\"og:image\" content=\"https:\/\/sophieheinrich.com\/wp-content\/uploads\/2025\/07\/Tango5_im_MuTh_\u00a9_Patricia_Melicha_02.jpg\" \/>\n<meta name=\"twitter:card\" content=\"summary_large_image\" \/>\n<meta name=\"twitter:label1\" content=\"Est. reading time\" \/>\n\t<meta name=\"twitter:data1\" content=\"2 minutes\" \/>\n<script type=\"application\/ld+json\" class=\"yoast-schema-graph\">{\"@context\":\"https:\/\/schema.org\",\"@graph\":[{\"@type\":\"WebPage\",\"@id\":\"https:\/\/sophieheinrich.com\/en\/tango-5\/\",\"url\":\"https:\/\/sophieheinrich.com\/en\/tango-5\/\",\"name\":\"Tango5 - Sophie Heinrich\",\"isPartOf\":{\"@id\":\"https:\/\/sophieheinrich.com\/en\/#website\"},\"primaryImageOfPage\":{\"@id\":\"https:\/\/sophieheinrich.com\/en\/tango-5\/#primaryimage\"},\"image\":{\"@id\":\"https:\/\/sophieheinrich.com\/en\/tango-5\/#primaryimage\"},\"thumbnailUrl\":\"https:\/\/sophieheinrich.com\/wp-content\/uploads\/2025\/10\/Tango5_im_MuTh_C_Patricia_Melicha_02_erweitert_web.jpg\",\"datePublished\":\"2025-06-10T11:01:58+00:00\",\"dateModified\":\"2025-11-06T11:48:16+00:00\",\"description\":\"Sophie Heinrich, violin soloist, concertmaster, Tango5, Milo\u0161 Todorovski, Ignacio Giovanetti, Maria Radutu, Ivaylo Iordanov, Piazzolla\",\"breadcrumb\":{\"@id\":\"https:\/\/sophieheinrich.com\/en\/tango-5\/#breadcrumb\"},\"inLanguage\":\"en-US\",\"potentialAction\":[{\"@type\":\"ReadAction\",\"target\":[\"https:\/\/sophieheinrich.com\/en\/tango-5\/\"]}]},{\"@type\":\"ImageObject\",\"inLanguage\":\"en-US\",\"@id\":\"https:\/\/sophieheinrich.com\/en\/tango-5\/#primaryimage\",\"url\":\"https:\/\/sophieheinrich.com\/wp-content\/uploads\/2025\/10\/Tango5_im_MuTh_C_Patricia_Melicha_02_erweitert_web.jpg\",\"contentUrl\":\"https:\/\/sophieheinrich.com\/wp-content\/uploads\/2025\/10\/Tango5_im_MuTh_C_Patricia_Melicha_02_erweitert_web.jpg\",\"width\":2000,\"height\":1377,\"caption\":\"Pressebild Tango5 im MuTh \u00a9 Patricia Melicha | Sophie Heinrich (Violine), Milo\u0161 Todorovski (Bandoneon), Ignacio Giovanetti (Gitarre), Maria Radutu (Piano), Ivaylo Iordanov (Kontrabass)\"},{\"@type\":\"BreadcrumbList\",\"@id\":\"https:\/\/sophieheinrich.com\/en\/tango-5\/#breadcrumb\",\"itemListElement\":[{\"@type\":\"ListItem\",\"position\":1,\"name\":\"Startseite\",\"item\":\"https:\/\/sophieheinrich.com\/en\/sophie-heinrich\/\"},{\"@type\":\"ListItem\",\"position\":2,\"name\":\"Tango5\"}]},{\"@type\":\"WebSite\",\"@id\":\"https:\/\/sophieheinrich.com\/en\/#website\",\"url\":\"https:\/\/sophieheinrich.com\/en\/\",\"name\":\"Sophie Heinrich\",\"description\":\"\",\"potentialAction\":[{\"@type\":\"SearchAction\",\"target\":{\"@type\":\"EntryPoint\",\"urlTemplate\":\"https:\/\/sophieheinrich.com\/en\/?s={search_term_string}\"},\"query-input\":{\"@type\":\"PropertyValueSpecification\",\"valueRequired\":true,\"valueName\":\"search_term_string\"}}],\"inLanguage\":\"en-US\"}]}<\/script>\n<!-- \/ Yoast SEO plugin. -->","yoast_head_json":{"title":"Tango5 - Sophie Heinrich","description":"Sophie Heinrich, violin soloist, concertmaster, Tango5, Milo\u0161 Todorovski, Ignacio Giovanetti, Maria Radutu, Ivaylo Iordanov, Piazzolla","robots":{"index":"index","follow":"follow","max-snippet":"max-snippet:-1","max-image-preview":"max-image-preview:large","max-video-preview":"max-video-preview:-1"},"canonical":"https:\/\/sophieheinrich.com\/en\/tango-5\/","og_locale":"en_US","og_type":"article","og_title":"Sophie Heinrich | Tango5","og_description":"Sophie Heinrich | Tango5","og_url":"https:\/\/sophieheinrich.com\/en\/tango-5\/","og_site_name":"Sophie Heinrich","article_modified_time":"2025-11-06T11:48:16+00:00","og_image":[{"url":"https:\/\/sophieheinrich.com\/wp-content\/uploads\/2025\/07\/Tango5_im_MuTh_\u00a9_Patricia_Melicha_02.jpg","type":"","width":"","height":""}],"twitter_card":"summary_large_image","twitter_misc":{"Est. reading time":"2 minutes"},"schema":{"@context":"https:\/\/schema.org","@graph":[{"@type":"WebPage","@id":"https:\/\/sophieheinrich.com\/en\/tango-5\/","url":"https:\/\/sophieheinrich.com\/en\/tango-5\/","name":"Tango5 - Sophie Heinrich","isPartOf":{"@id":"https:\/\/sophieheinrich.com\/en\/#website"},"primaryImageOfPage":{"@id":"https:\/\/sophieheinrich.com\/en\/tango-5\/#primaryimage"},"image":{"@id":"https:\/\/sophieheinrich.com\/en\/tango-5\/#primaryimage"},"thumbnailUrl":"https:\/\/sophieheinrich.com\/wp-content\/uploads\/2025\/10\/Tango5_im_MuTh_C_Patricia_Melicha_02_erweitert_web.jpg","datePublished":"2025-06-10T11:01:58+00:00","dateModified":"2025-11-06T11:48:16+00:00","description":"Sophie Heinrich, violin soloist, concertmaster, Tango5, Milo\u0161 Todorovski, Ignacio Giovanetti, Maria Radutu, Ivaylo Iordanov, Piazzolla","breadcrumb":{"@id":"https:\/\/sophieheinrich.com\/en\/tango-5\/#breadcrumb"},"inLanguage":"en-US","potentialAction":[{"@type":"ReadAction","target":["https:\/\/sophieheinrich.com\/en\/tango-5\/"]}]},{"@type":"ImageObject","inLanguage":"en-US","@id":"https:\/\/sophieheinrich.com\/en\/tango-5\/#primaryimage","url":"https:\/\/sophieheinrich.com\/wp-content\/uploads\/2025\/10\/Tango5_im_MuTh_C_Patricia_Melicha_02_erweitert_web.jpg","contentUrl":"https:\/\/sophieheinrich.com\/wp-content\/uploads\/2025\/10\/Tango5_im_MuTh_C_Patricia_Melicha_02_erweitert_web.jpg","width":2000,"height":1377,"caption":"Pressebild Tango5 im MuTh \u00a9 Patricia Melicha | Sophie Heinrich (Violine), Milo\u0161 Todorovski (Bandoneon), Ignacio Giovanetti (Gitarre), Maria Radutu (Piano), Ivaylo Iordanov (Kontrabass)"},{"@type":"BreadcrumbList","@id":"https:\/\/sophieheinrich.com\/en\/tango-5\/#breadcrumb","itemListElement":[{"@type":"ListItem","position":1,"name":"Startseite","item":"https:\/\/sophieheinrich.com\/en\/sophie-heinrich\/"},{"@type":"ListItem","position":2,"name":"Tango5"}]},{"@type":"WebSite","@id":"https:\/\/sophieheinrich.com\/en\/#website","url":"https:\/\/sophieheinrich.com\/en\/","name":"Sophie Heinrich","description":"","potentialAction":[{"@type":"SearchAction","target":{"@type":"EntryPoint","urlTemplate":"https:\/\/sophieheinrich.com\/en\/?s={search_term_string}"},"query-input":{"@type":"PropertyValueSpecification","valueRequired":true,"valueName":"search_term_string"}}],"inLanguage":"en-US"}]}},"_links":{"self":[{"href":"https:\/\/sophieheinrich.com\/en\/wp-json\/wp\/v2\/pages\/200","targetHints":{"allow":["GET"]}}],"collection":[{"href":"https:\/\/sophieheinrich.com\/en\/wp-json\/wp\/v2\/pages"}],"about":[{"href":"https:\/\/sophieheinrich.com\/en\/wp-json\/wp\/v2\/types\/page"}],"author":[{"embeddable":true,"href":"https:\/\/sophieheinrich.com\/en\/wp-json\/wp\/v2\/users\/1"}],"replies":[{"embeddable":true,"href":"https:\/\/sophieheinrich.com\/en\/wp-json\/wp\/v2\/comments?post=200"}],"version-history":[{"count":15,"href":"https:\/\/sophieheinrich.com\/en\/wp-json\/wp\/v2\/pages\/200\/revisions"}],"predecessor-version":[{"id":1042,"href":"https:\/\/sophieheinrich.com\/en\/wp-json\/wp\/v2\/pages\/200\/revisions\/1042"}],"wp:featuredmedia":[{"embeddable":true,"href":"https:\/\/sophieheinrich.com\/en\/wp-json\/wp\/v2\/media\/895"}],"wp:attachment":[{"href":"https:\/\/sophieheinrich.com\/en\/wp-json\/wp\/v2\/media?parent=200"}],"curies":[{"name":"wp","href":"https:\/\/api.w.org\/{rel}","templated":true}]}}